
{"id":79668,"date":"2024-12-05T16:18:46","date_gmt":"2024-12-05T15:18:46","guid":{"rendered":"https:\/\/stonehouse.se\/produkt\/manoverpan-spc-k420\/"},"modified":"2026-04-08T16:35:47","modified_gmt":"2026-04-08T14:35:47","slug":"manoverpan-spc-k420","status":"publish","type":"product","link":"https:\/\/stonehouse.se\/en\/product\/manoverpan-spc-k420\/","title":{"rendered":"MAN\u00d6VERPAN. SPC K420"},"content":{"rendered":"<p>SPC K420 \u00e4r en man\u00f6verpanel med 2 x 16 teckens klartext LCD-display. Displayen \u00e4r tydlig med bl\u00e5tt bakgrundsljus med inbyggd summer och 3 st LED-status indikeringar. Man\u00f6verpanelen ansluts till X-Bus-slingan och \u00e4r endast f\u00f6r inomhusbruk. SPC K420 passar alla centraler i SPC-serien. Matningssp\u00e4nning: 13. 7 VDC, Str\u00f6mf\u00f6rbrukning: 130 mA, max, Sabotagekontakt: Ja, mot \u00f6ppning och bortbrytning, Arbetstemperatur: 5 &#8211; +40 \u00b0C.<\/p>","protected":false},"excerpt":{"rendered":"<p>SPC K420 \u00e4r en man\u00f6verpanel med 2 x 16 teckens klartext LCD-display. Displayen \u00e4r tydlig med bl\u00e5tt bakgrundsljus med inbyggd<\/p>","protected":false},"featured_media":79893,"template":"","meta":{"_acf_changed":false},"product_brand":[],"product_cat":[3483],"product_tag":[3489],"class_list":{"0":"post-79668","1":"product","2":"type-product","3":"status-publish","4":"has-post-thumbnail","6":"product_cat-spc-manoverpanel-lasare","7":"product_tag-spc-manoverpanel-lasare","8":"product_shipping_class-tunga-paket","9":"tm-no-options","11":"first","12":"outofstock","13":"sale","14":"taxable","15":"shipping-taxable","16":"product-type-simple"},"acf":[],"_links":{"self":[{"href":"https:\/\/stonehouse.se\/en\/wp-json\/wp\/v2\/product\/79668","targetHints":{"allow":["GET"]}}],"collection":[{"href":"https:\/\/stonehouse.se\/en\/wp-json\/wp\/v2\/product"}],"about":[{"href":"https:\/\/stonehouse.se\/en\/wp-json\/wp\/v2\/types\/product"}],"wp:featuredmedia":[{"embeddable":true,"href":"https:\/\/stonehouse.se\/en\/wp-json\/wp\/v2\/media\/79893"}],"wp:attachment":[{"href":"https:\/\/stonehouse.se\/en\/wp-json\/wp\/v2\/media?parent=79668"}],"wp:term":[{"taxonomy":"product_brand","embeddable":true,"href":"https:\/\/stonehouse.se\/en\/wp-json\/wp\/v2\/product_brand?post=79668"},{"taxonomy":"product_cat","embeddable":true,"href":"https:\/\/stonehouse.se\/en\/wp-json\/wp\/v2\/product_cat?post=79668"},{"taxonomy":"product_tag","embeddable":true,"href":"https:\/\/stonehouse.se\/en\/wp-json\/wp\/v2\/product_tag?post=79668"}],"curies":[{"name":"wp","href":"https:\/\/api.w.org\/{rel}","templated":true}]}}