
{"id":79675,"date":"2024-12-05T16:18:46","date_gmt":"2024-12-05T15:18:46","guid":{"rendered":"https:\/\/stonehouse.se\/produkt\/gsm-gprs-modem-4g-spcn342\/"},"modified":"2026-04-08T16:48:15","modified_gmt":"2026-04-08T14:48:15","slug":"gsm-gprs-modem-4g-spcn342","status":"publish","type":"product","link":"https:\/\/stonehouse.se\/en\/product\/gsm-gprs-modem-4g-spcn342\/","title":{"rendered":"GSM\/GPRS-MODEM 4G SPCN342"},"content":{"rendered":"<p>SPCN342.000 GSM (2G\/3G\/4G) -modulen kan tilldelas valfritt mobiln\u00e4tverk genom det SIM-kort som s\u00e4tts in. Modemet \u00e4r kompatibelt med samtliga SPC-paneler och ansluts direkt p\u00e5 centralkortet. Enheten levereras med en extern antenn. Modemet kommunicerar med larmcentral via IP-baserade protokoll (EDP, FlexC) \u00f6ver 2G \/ 3G . Det m\u00f6jlig\u00f6r ocks\u00e5 fj\u00e4rr\u00e5tkomst och konfigurering. GPRS-modemet kan anv\u00e4ndas som den prim\u00e4ra kommunikationsv\u00e4gen eller som sekund\u00e4r kommunikationsv\u00e4g till IP-kommunikationen.<\/p>","protected":false},"excerpt":{"rendered":"<p>SPCN342.000 GSM (2G\/3G\/4G) -modulen kan tilldelas valfritt mobiln\u00e4tverk genom det SIM-kort som s\u00e4tts in. Modemet \u00e4r kompatibelt med samtliga SPC-paneler<\/p>","protected":false},"featured_media":79876,"template":"","meta":{"_acf_changed":false},"product_brand":[],"product_cat":[3484],"product_tag":[3492],"class_list":{"0":"post-79675","1":"product","2":"type-product","3":"status-publish","4":"has-post-thumbnail","6":"product_cat-spc-larmoverforing","7":"product_tag-spc-larmoverforing","8":"product_shipping_class-tunga-paket","9":"tm-no-options","11":"first","12":"instock","13":"sale","14":"taxable","15":"shipping-taxable","16":"product-type-simple"},"acf":[],"_links":{"self":[{"href":"https:\/\/stonehouse.se\/en\/wp-json\/wp\/v2\/product\/79675","targetHints":{"allow":["GET"]}}],"collection":[{"href":"https:\/\/stonehouse.se\/en\/wp-json\/wp\/v2\/product"}],"about":[{"href":"https:\/\/stonehouse.se\/en\/wp-json\/wp\/v2\/types\/product"}],"wp:featuredmedia":[{"embeddable":true,"href":"https:\/\/stonehouse.se\/en\/wp-json\/wp\/v2\/media\/79876"}],"wp:attachment":[{"href":"https:\/\/stonehouse.se\/en\/wp-json\/wp\/v2\/media?parent=79675"}],"wp:term":[{"taxonomy":"product_brand","embeddable":true,"href":"https:\/\/stonehouse.se\/en\/wp-json\/wp\/v2\/product_brand?post=79675"},{"taxonomy":"product_cat","embeddable":true,"href":"https:\/\/stonehouse.se\/en\/wp-json\/wp\/v2\/product_cat?post=79675"},{"taxonomy":"product_tag","embeddable":true,"href":"https:\/\/stonehouse.se\/en\/wp-json\/wp\/v2\/product_tag?post=79675"}],"curies":[{"name":"wp","href":"https:\/\/api.w.org\/{rel}","templated":true}]}}