
{"id":79687,"date":"2024-12-05T16:18:47","date_gmt":"2024-12-05T15:18:47","guid":{"rendered":"https:\/\/stonehouse.se\/produkt\/centralapp-spc4320-320-l1\/"},"modified":"2026-04-08T16:35:29","modified_gmt":"2026-04-08T14:35:29","slug":"centralapp-spc4320-320-l1","status":"publish","type":"product","link":"https:\/\/stonehouse.se\/en\/product\/centralapp-spc4320-320-l1\/","title":{"rendered":"CENTRALAPP. SPC4320.320-L1"},"content":{"rendered":"<p>Centralapparat SPC4320.320 \u00e4r en centralapparat med 8 sektioner p\u00e5 moderkortet och utbyggbar till 32 sektioner med expansions-enheter. Enheterna ansluts till XBus-slingan och adresseras manuellt eller automatiskt. Centralapparaten har ingen inbyggd uppringare utan m\u00e5ste kompletteras med antingen en telemodul eller en GSM-modul eller b\u00e5da. Centralen har TCP\/IP-anslutning som standard via den kan systemet programmeras, styras eller s\u00e5 kan centralen skicka larm via IP. Centralen programmeras med SPC PRO p\u00e5 plats via USB eller via modem. SPC4320.320 levereras i pl\u00e5tkapsling med plats f\u00f6r en 7 Ah ackumulator och inbyggd trafo. Matningssp\u00e4nning: 230 VAC, Str\u00f6mf\u00f6rbrukning, 12 VDC: 160 mA, Systemsp\u00e4nning ut: 12 VDC \/ 0,75 A, Batteribackup: 7 Ah, Sektioner: 8 st utbyggbar till 32 st, Utg\u00e5ngar: 1 st rel\u00e4 och 5 st OC utbyggbar till 30 st rel\u00e4er, Expansionenheter: 7 st, 3 st expansionsenheter och 4 st man\u00f6verpaneler, Omr\u00e5den: 4 st, Anv\u00e4ndare: 32 st, TCP\/IP-anslutning: Ja, H\u00e4ndelselogg: 1000 h\u00e4ndelser, Programmeringsinterface IP, USB, RS 232 eller Fast programmer, Arbetstemperatur: 5 &#8211; +40 \u00b0C , Kapsling: 1. 2 mm lackad pl\u00e5t, Vikt: 4,5 kg, Dimensioner (B x H x D): 264 x 357 x 81 mm. Godk\u00e4nnanden: SSF1014:5 (Larmklass 2).<\/p>","protected":false},"excerpt":{"rendered":"<p>Centralapparat SPC4320.320 \u00e4r en centralapparat med 8 sektioner p\u00e5 moderkortet och utbyggbar till 32 sektioner med expansions-enheter. Enheterna ansluts till<\/p>","protected":false},"featured_media":79851,"template":"","meta":{"_acf_changed":false},"product_brand":[],"product_cat":[3480],"product_tag":[3494],"class_list":{"0":"post-79687","1":"product","2":"type-product","3":"status-publish","4":"has-post-thumbnail","6":"product_cat-spc-central","7":"product_tag-spc-central","8":"product_shipping_class-tunga-paket","9":"tm-no-options","11":"first","12":"outofstock","13":"sale","14":"taxable","15":"shipping-taxable","16":"product-type-simple"},"acf":[],"_links":{"self":[{"href":"https:\/\/stonehouse.se\/en\/wp-json\/wp\/v2\/product\/79687","targetHints":{"allow":["GET"]}}],"collection":[{"href":"https:\/\/stonehouse.se\/en\/wp-json\/wp\/v2\/product"}],"about":[{"href":"https:\/\/stonehouse.se\/en\/wp-json\/wp\/v2\/types\/product"}],"wp:featuredmedia":[{"embeddable":true,"href":"https:\/\/stonehouse.se\/en\/wp-json\/wp\/v2\/media\/79851"}],"wp:attachment":[{"href":"https:\/\/stonehouse.se\/en\/wp-json\/wp\/v2\/media?parent=79687"}],"wp:term":[{"taxonomy":"product_brand","embeddable":true,"href":"https:\/\/stonehouse.se\/en\/wp-json\/wp\/v2\/product_brand?post=79687"},{"taxonomy":"product_cat","embeddable":true,"href":"https:\/\/stonehouse.se\/en\/wp-json\/wp\/v2\/product_cat?post=79687"},{"taxonomy":"product_tag","embeddable":true,"href":"https:\/\/stonehouse.se\/en\/wp-json\/wp\/v2\/product_tag?post=79687"}],"curies":[{"name":"wp","href":"https:\/\/api.w.org\/{rel}","templated":true}]}}