
{"id":79699,"date":"2024-12-05T16:18:48","date_gmt":"2024-12-05T15:18:48","guid":{"rendered":"https:\/\/stonehouse.se\/produkt\/telemodul-pstn-spcn110-000\/"},"modified":"2026-04-08T16:30:00","modified_gmt":"2026-04-08T14:30:00","slug":"telemodul-pstn-spcn110-000","status":"publish","type":"product","link":"https:\/\/stonehouse.se\/en\/product\/telemodul-pstn-spcn110-000\/","title":{"rendered":"TELEMODUL PSTN SPCN110.000"},"content":{"rendered":"<p>SPC N110 \u00e4r en telemodul som passar SPC-serien. Telemodulen ansluts till en av tv\u00e5 tillg\u00e4ngliga modemkontakter p\u00e5 moderkortet. Med telemodulen kan centralapparaten \u00f6verf\u00f6ra larm till larmcentral i SIA format eller skicka SMS-meddelanden till mobiltelefoner. Det g\u00e5r \u00e4ven att via telemodulen ringa in och utf\u00f6ra fj\u00e4rrprogrammering av centralapparaten. SPC N110 passar alla centraler i SPC-serien. Str\u00f6mf\u00f6rbrukning: 35 mA, Larm\u00f6verf\u00f6ringsformat: SIA, ContactID och SMS.<\/p>","protected":false},"excerpt":{"rendered":"<p>SPC N110 \u00e4r en telemodul som passar SPC-serien. Telemodulen ansluts till en av tv\u00e5 tillg\u00e4ngliga modemkontakter p\u00e5 moderkortet. Med telemodulen<\/p>","protected":false},"featured_media":79824,"template":"","meta":{"_acf_changed":false},"product_brand":[],"product_cat":[3484],"product_tag":[3492],"class_list":{"0":"post-79699","1":"product","2":"type-product","3":"status-publish","4":"has-post-thumbnail","6":"product_cat-spc-larmoverforing","7":"product_tag-spc-larmoverforing","8":"product_shipping_class-tunga-paket","9":"tm-no-options","11":"first","12":"outofstock","13":"sale","14":"taxable","15":"shipping-taxable","16":"product-type-simple"},"acf":[],"_links":{"self":[{"href":"https:\/\/stonehouse.se\/en\/wp-json\/wp\/v2\/product\/79699","targetHints":{"allow":["GET"]}}],"collection":[{"href":"https:\/\/stonehouse.se\/en\/wp-json\/wp\/v2\/product"}],"about":[{"href":"https:\/\/stonehouse.se\/en\/wp-json\/wp\/v2\/types\/product"}],"wp:featuredmedia":[{"embeddable":true,"href":"https:\/\/stonehouse.se\/en\/wp-json\/wp\/v2\/media\/79824"}],"wp:attachment":[{"href":"https:\/\/stonehouse.se\/en\/wp-json\/wp\/v2\/media?parent=79699"}],"wp:term":[{"taxonomy":"product_brand","embeddable":true,"href":"https:\/\/stonehouse.se\/en\/wp-json\/wp\/v2\/product_brand?post=79699"},{"taxonomy":"product_cat","embeddable":true,"href":"https:\/\/stonehouse.se\/en\/wp-json\/wp\/v2\/product_cat?post=79699"},{"taxonomy":"product_tag","embeddable":true,"href":"https:\/\/stonehouse.se\/en\/wp-json\/wp\/v2\/product_tag?post=79699"}],"curies":[{"name":"wp","href":"https:\/\/api.w.org\/{rel}","templated":true}]}}