
{"id":79703,"date":"2024-12-05T16:18:48","date_gmt":"2024-12-05T15:18:48","guid":{"rendered":"https:\/\/stonehouse.se\/produkt\/manoverpanel-spck521-100-n\/"},"modified":"2026-04-08T16:29:55","modified_gmt":"2026-04-08T14:29:55","slug":"manoverpanel-spck521-100-n","status":"publish","type":"product","link":"https:\/\/stonehouse.se\/en\/product\/manoverpanel-spck521-100-n\/","title":{"rendered":"MAN\u00d6VERPANEL SPCK521.100-N"},"content":{"rendered":"<p>Kompakt man\u00f6verpanel till SPC med snygg och tilltalande design. Helt sl\u00e4t front med kapacitiva tangenter och en stor och tydlig display och inbyggd kortl\u00e4sare EM\/Mifare. Kan anv\u00e4ndas till alla SPC-centraler. Designen \u00e4r gjord f\u00f6r stt den skall sm\u00e4lta in i moderna lokaler. Dess byggdjup \u00e4r endast 18mm. Som tillbeh\u00f6r finns inf\u00e4llnadssats.<\/p>","protected":false},"excerpt":{"rendered":"<p>Kompakt man\u00f6verpanel till SPC med snygg och tilltalande design. Helt sl\u00e4t front med kapacitiva tangenter och en stor och tydlig<\/p>","protected":false},"featured_media":79817,"template":"","meta":{"_acf_changed":false},"product_brand":[],"product_cat":[3483],"product_tag":[],"class_list":{"0":"post-79703","1":"product","2":"type-product","3":"status-publish","4":"has-post-thumbnail","6":"product_cat-spc-manoverpanel-lasare","7":"product_shipping_class-tunga-paket","8":"tm-no-options","10":"first","11":"outofstock","12":"sale","13":"taxable","14":"shipping-taxable","15":"product-type-simple"},"acf":[],"_links":{"self":[{"href":"https:\/\/stonehouse.se\/en\/wp-json\/wp\/v2\/product\/79703","targetHints":{"allow":["GET"]}}],"collection":[{"href":"https:\/\/stonehouse.se\/en\/wp-json\/wp\/v2\/product"}],"about":[{"href":"https:\/\/stonehouse.se\/en\/wp-json\/wp\/v2\/types\/product"}],"wp:featuredmedia":[{"embeddable":true,"href":"https:\/\/stonehouse.se\/en\/wp-json\/wp\/v2\/media\/79817"}],"wp:attachment":[{"href":"https:\/\/stonehouse.se\/en\/wp-json\/wp\/v2\/media?parent=79703"}],"wp:term":[{"taxonomy":"product_brand","embeddable":true,"href":"https:\/\/stonehouse.se\/en\/wp-json\/wp\/v2\/product_brand?post=79703"},{"taxonomy":"product_cat","embeddable":true,"href":"https:\/\/stonehouse.se\/en\/wp-json\/wp\/v2\/product_cat?post=79703"},{"taxonomy":"product_tag","embeddable":true,"href":"https:\/\/stonehouse.se\/en\/wp-json\/wp\/v2\/product_tag?post=79703"}],"curies":[{"name":"wp","href":"https:\/\/api.w.org\/{rel}","templated":true}]}}