
{"id":79705,"date":"2024-12-05T16:18:48","date_gmt":"2024-12-05T15:18:48","guid":{"rendered":"https:\/\/stonehouse.se\/produkt\/gsm-gprs-modul-spcn320-000\/"},"modified":"2026-04-08T16:34:50","modified_gmt":"2026-04-08T14:34:50","slug":"gsm-gprs-modul-spcn320-000","status":"publish","type":"product","link":"https:\/\/stonehouse.se\/en\/product\/gsm-gprs-modul-spcn320-000\/","title":{"rendered":"GSM\/GPRS-MODUL SPCN320.000"},"content":{"rendered":"","protected":false},"excerpt":{"rendered":"<p>SPCN320, GSM\/GPRS-modul till SPC-serien. Skickar SIA, ContactID eller SMS via GSM-n\u00e4tet. Med GSM-enheten kan \u00e4ven SPC-systemet styras via SMS. Enheten anv\u00e4nder sig av 3G-n\u00e4tet prim\u00e4rt(kr\u00e4ver fw 3.8 eller senare).<\/p>","protected":false},"featured_media":79808,"template":"","meta":{"_acf_changed":false},"product_brand":[],"product_cat":[3484],"product_tag":[3492],"class_list":{"0":"post-79705","1":"product","2":"type-product","3":"status-publish","4":"has-post-thumbnail","6":"product_cat-spc-larmoverforing","7":"product_tag-spc-larmoverforing","8":"product_shipping_class-tunga-paket","9":"tm-no-options","11":"first","12":"instock","13":"sale","14":"taxable","15":"shipping-taxable","16":"product-type-simple"},"acf":[],"_links":{"self":[{"href":"https:\/\/stonehouse.se\/en\/wp-json\/wp\/v2\/product\/79705","targetHints":{"allow":["GET"]}}],"collection":[{"href":"https:\/\/stonehouse.se\/en\/wp-json\/wp\/v2\/product"}],"about":[{"href":"https:\/\/stonehouse.se\/en\/wp-json\/wp\/v2\/types\/product"}],"wp:featuredmedia":[{"embeddable":true,"href":"https:\/\/stonehouse.se\/en\/wp-json\/wp\/v2\/media\/79808"}],"wp:attachment":[{"href":"https:\/\/stonehouse.se\/en\/wp-json\/wp\/v2\/media?parent=79705"}],"wp:term":[{"taxonomy":"product_brand","embeddable":true,"href":"https:\/\/stonehouse.se\/en\/wp-json\/wp\/v2\/product_brand?post=79705"},{"taxonomy":"product_cat","embeddable":true,"href":"https:\/\/stonehouse.se\/en\/wp-json\/wp\/v2\/product_cat?post=79705"},{"taxonomy":"product_tag","embeddable":true,"href":"https:\/\/stonehouse.se\/en\/wp-json\/wp\/v2\/product_tag?post=79705"}],"curies":[{"name":"wp","href":"https:\/\/api.w.org\/{rel}","templated":true}]}}