
{"id":79707,"date":"2024-12-05T16:18:48","date_gmt":"2024-12-05T15:18:48","guid":{"rendered":"https:\/\/stonehouse.se\/produkt\/kortlas-kit-spca210vr40osdp\/"},"modified":"2026-04-08T16:34:44","modified_gmt":"2026-04-08T14:34:44","slug":"kortlas-kit-spca210vr40osdp","status":"publish","type":"product","link":"https:\/\/stonehouse.se\/en\/product\/kortlas-kit-spca210vr40osdp\/","title":{"rendered":"KORTL\u00c4S.KIT SPCA210+VR40+OSDP"},"content":{"rendered":"","protected":false},"excerpt":{"rendered":"<p>Ett komplett kit med SPCA210-d\u00f6rrcentral, VR40S kortl\u00e4sare med Mifare-teknik samt en OSDP-konverter. VR40-l\u00e4saren har knapppsats och OLED-display f\u00f6r hj\u00e4lptexter vid till-och fr\u00e5nkoppling samt d\u00f6rrstyrningar. Kan anv\u00e4ndas p\u00e5 samtliga SPC-centraler.<\/p>","protected":false},"featured_media":79806,"template":"","meta":{"_acf_changed":false},"product_brand":[],"product_cat":[3495],"product_tag":[],"class_list":{"0":"post-79707","1":"product","2":"type-product","3":"status-publish","4":"has-post-thumbnail","6":"product_cat-spc-kaplsling-tillbehor","7":"product_shipping_class-tunga-paket","8":"tm-no-options","10":"first","11":"instock","12":"sale","13":"taxable","14":"shipping-taxable","15":"product-type-simple"},"acf":[],"_links":{"self":[{"href":"https:\/\/stonehouse.se\/en\/wp-json\/wp\/v2\/product\/79707","targetHints":{"allow":["GET"]}}],"collection":[{"href":"https:\/\/stonehouse.se\/en\/wp-json\/wp\/v2\/product"}],"about":[{"href":"https:\/\/stonehouse.se\/en\/wp-json\/wp\/v2\/types\/product"}],"wp:featuredmedia":[{"embeddable":true,"href":"https:\/\/stonehouse.se\/en\/wp-json\/wp\/v2\/media\/79806"}],"wp:attachment":[{"href":"https:\/\/stonehouse.se\/en\/wp-json\/wp\/v2\/media?parent=79707"}],"wp:term":[{"taxonomy":"product_brand","embeddable":true,"href":"https:\/\/stonehouse.se\/en\/wp-json\/wp\/v2\/product_brand?post=79707"},{"taxonomy":"product_cat","embeddable":true,"href":"https:\/\/stonehouse.se\/en\/wp-json\/wp\/v2\/product_cat?post=79707"},{"taxonomy":"product_tag","embeddable":true,"href":"https:\/\/stonehouse.se\/en\/wp-json\/wp\/v2\/product_tag?post=79707"}],"curies":[{"name":"wp","href":"https:\/\/api.w.org\/{rel}","templated":true}]}}