
{"id":79709,"date":"2024-12-05T16:18:48","date_gmt":"2024-12-05T15:18:48","guid":{"rendered":"https:\/\/stonehouse.se\/produkt\/manoverpanel-spck421-100\/"},"modified":"2026-04-08T16:32:07","modified_gmt":"2026-04-08T14:32:07","slug":"manoverpanel-spck421-100","status":"publish","type":"product","link":"https:\/\/stonehouse.se\/en\/product\/manoverpanel-spck421-100\/","title":{"rendered":"MAN\u00d6VERPANEL SPCK421.100"},"content":{"rendered":"<p>SPC K420 \u00e4r en man\u00f6verpanel med 2 x 16 teckens klartext LCD-display. Displayen \u00e4r tydlig med bl\u00e5tt bakgrundsljus med inbyggd summer och 3 st LED-status indikeringar. Man\u00f6verpanelen ansluts till X-Bus-slingan och \u00e4r endast f\u00f6r inomhusbruk. SPC K421 har \u00e4ven en kortl\u00e4sare f\u00f6r EM 4102 kort, som kan koppla till och fr\u00e5n anl\u00e4ggningen mm. SPC K421 passar alla centraler i SPC-serien. Matningssp\u00e4nning: 13. 7 VDC, Str\u00f6mf\u00f6rbrukning: 120 mA, max, Sabotagekontakt: Ja, mot \u00f6ppning och bortbrytning, Kortl\u00e4sare: Ja. EM 4102, Arbetstemperatur: 5 &#8211; +40 \u00b0C.<\/p>","protected":false},"excerpt":{"rendered":"<p>SPC K420 \u00e4r en man\u00f6verpanel med 2 x 16 teckens klartext LCD-display. Displayen \u00e4r tydlig med bl\u00e5tt bakgrundsljus med inbyggd<\/p>","protected":false},"featured_media":79800,"template":"","meta":{"_acf_changed":false},"product_brand":[],"product_cat":[3483],"product_tag":[3489],"class_list":{"0":"post-79709","1":"product","2":"type-product","3":"status-publish","4":"has-post-thumbnail","6":"product_cat-spc-manoverpanel-lasare","7":"product_tag-spc-manoverpanel-lasare","8":"product_shipping_class-tunga-paket","9":"tm-no-options","11":"first","12":"instock","13":"sale","14":"taxable","15":"shipping-taxable","16":"product-type-simple"},"acf":[],"_links":{"self":[{"href":"https:\/\/stonehouse.se\/en\/wp-json\/wp\/v2\/product\/79709","targetHints":{"allow":["GET"]}}],"collection":[{"href":"https:\/\/stonehouse.se\/en\/wp-json\/wp\/v2\/product"}],"about":[{"href":"https:\/\/stonehouse.se\/en\/wp-json\/wp\/v2\/types\/product"}],"wp:featuredmedia":[{"embeddable":true,"href":"https:\/\/stonehouse.se\/en\/wp-json\/wp\/v2\/media\/79800"}],"wp:attachment":[{"href":"https:\/\/stonehouse.se\/en\/wp-json\/wp\/v2\/media?parent=79709"}],"wp:term":[{"taxonomy":"product_brand","embeddable":true,"href":"https:\/\/stonehouse.se\/en\/wp-json\/wp\/v2\/product_brand?post=79709"},{"taxonomy":"product_cat","embeddable":true,"href":"https:\/\/stonehouse.se\/en\/wp-json\/wp\/v2\/product_cat?post=79709"},{"taxonomy":"product_tag","embeddable":true,"href":"https:\/\/stonehouse.se\/en\/wp-json\/wp\/v2\/product_tag?post=79709"}],"curies":[{"name":"wp","href":"https:\/\/api.w.org\/{rel}","templated":true}]}}