
{"id":79719,"date":"2024-12-05T16:18:49","date_gmt":"2024-12-05T15:18:49","guid":{"rendered":"https:\/\/stonehouse.se\/produkt\/rokdetektor-tradlos-wsmk\/"},"modified":"2026-04-08T16:29:39","modified_gmt":"2026-04-08T14:29:39","slug":"rokdetektor-tradlos-wsmk","status":"publish","type":"product","link":"https:\/\/stonehouse.se\/en\/product\/rokdetektor-tradlos-wsmk\/","title":{"rendered":"R\u00d6KDETEKTOR TR\u00c5DL\u00d6S WSMK"},"content":{"rendered":"<p>WSMK \u00e4r en r\u00f6kdetektor med snygg design som st\u00f6ds av SPC-systemet. R\u00f6kdetektorn har en intern siren som aktiveras vid r\u00f6kdetektering och skickar \u00e4ven signal till SPC f\u00f6r att starta andra larmdon om s\u00e5 \u00e4r programmerat. Enheten \u00e4r l\u00e4tt att installera och har en ber\u00e4knad batterilivsl\u00e4ngd p\u00e5 10 \u00e5r. Enheten \u00e4r godk\u00e4nd enligt EN14604. Tekniska data: Dimensioner (L x B x H): 124mm x 124mm x 34.5mm. Vikt: 200g. Frekvens: 868 &#8211; 869 Mhz. Arbetstemperatur: -10\u00b0C to +55\u00b0C. Sir\u00e9n: 85 dB vid 3 m. R\u00e4ckvidd radio: upp till 500 m p\u00e5 \u00f6ppna ytor. Batterier: 2 x 1,5 V Lithiumbatterier.<\/p>","protected":false},"excerpt":{"rendered":"<p>WSMK \u00e4r en r\u00f6kdetektor med snygg design som st\u00f6ds av SPC-systemet. R\u00f6kdetektorn har en intern siren som aktiveras vid r\u00f6kdetektering<\/p>","protected":false},"featured_media":79780,"template":"","meta":{"_acf_changed":false},"product_brand":[],"product_cat":[3486],"product_tag":[3497],"class_list":{"0":"post-79719","1":"product","2":"type-product","3":"status-publish","4":"has-post-thumbnail","6":"product_cat-spc-larmgivare","7":"product_tag-spc-larmgivare","8":"product_shipping_class-tunga-paket","9":"tm-no-options","11":"first","12":"outofstock","13":"sale","14":"taxable","15":"shipping-taxable","16":"product-type-simple"},"acf":[],"_links":{"self":[{"href":"https:\/\/stonehouse.se\/en\/wp-json\/wp\/v2\/product\/79719","targetHints":{"allow":["GET"]}}],"collection":[{"href":"https:\/\/stonehouse.se\/en\/wp-json\/wp\/v2\/product"}],"about":[{"href":"https:\/\/stonehouse.se\/en\/wp-json\/wp\/v2\/types\/product"}],"wp:featuredmedia":[{"embeddable":true,"href":"https:\/\/stonehouse.se\/en\/wp-json\/wp\/v2\/media\/79780"}],"wp:attachment":[{"href":"https:\/\/stonehouse.se\/en\/wp-json\/wp\/v2\/media?parent=79719"}],"wp:term":[{"taxonomy":"product_brand","embeddable":true,"href":"https:\/\/stonehouse.se\/en\/wp-json\/wp\/v2\/product_brand?post=79719"},{"taxonomy":"product_cat","embeddable":true,"href":"https:\/\/stonehouse.se\/en\/wp-json\/wp\/v2\/product_cat?post=79719"},{"taxonomy":"product_tag","embeddable":true,"href":"https:\/\/stonehouse.se\/en\/wp-json\/wp\/v2\/product_tag?post=79719"}],"curies":[{"name":"wp","href":"https:\/\/api.w.org\/{rel}","templated":true}]}}