
{"id":79727,"date":"2024-12-05T16:18:49","date_gmt":"2024-12-05T15:18:49","guid":{"rendered":"https:\/\/stonehouse.se\/produkt\/manoverpanel-spck623-100\/"},"modified":"2026-04-08T16:29:27","modified_gmt":"2026-04-08T14:29:27","slug":"manoverpanel-spck623-100","status":"publish","type":"product","link":"https:\/\/stonehouse.se\/en\/product\/manoverpanel-spck623-100\/","title":{"rendered":"MAN\u00d6VERPANEL SPCK623.100"},"content":{"rendered":"<p>SPC K623 \u00e4r en man\u00f6verpanel med m\u00f6jlighet att visa ett eller flera omr\u00e5den samtidigt i displayen f\u00f6r ett \u00f6versk\u00e5dligt handhavande. Den har 4 mjukvarustyrda tangenter som beroende p\u00e5 l\u00e4ge i handhavandet f\u00e5r olika funktioner. Statusinformation och n\u00e4sta handhavandefunktion visas i displayen. M\u00f6jlighet att visa kundlogotyp och klocka. Enheten har inbyggd EM-kortl\u00e4sare och m\u00f6jlighet till talande meddelanden. Enheten kan kompletteras med SPC E110 och\/eller SPC E120. Matningssp\u00e4nning: 13. 7 VDC, Str\u00f6mf\u00f6rbrukning: 110 mA min, 230 mA, max, Lysdioder: 5 statusdioder, Kortl\u00e4sare: Ja, EM , Talfunktion: Ja, Sabotagekontakt: Ja, mot \u00f6ppning och bortbrytning, Arbetstemperatur: -10 &#8211; +50 \u00b0C.<\/p>","protected":false},"excerpt":{"rendered":"<p>SPC K623 \u00e4r en man\u00f6verpanel med m\u00f6jlighet att visa ett eller flera omr\u00e5den samtidigt i displayen f\u00f6r ett \u00f6versk\u00e5dligt handhavande.<\/p>","protected":false},"featured_media":79770,"template":"","meta":{"_acf_changed":false},"product_brand":[],"product_cat":[3483],"product_tag":[3489],"class_list":{"0":"post-79727","1":"product","2":"type-product","3":"status-publish","4":"has-post-thumbnail","6":"product_cat-spc-manoverpanel-lasare","7":"product_tag-spc-manoverpanel-lasare","8":"product_shipping_class-tunga-paket","9":"tm-no-options","11":"first","12":"outofstock","13":"sale","14":"taxable","15":"shipping-taxable","16":"product-type-simple"},"acf":[],"_links":{"self":[{"href":"https:\/\/stonehouse.se\/en\/wp-json\/wp\/v2\/product\/79727","targetHints":{"allow":["GET"]}}],"collection":[{"href":"https:\/\/stonehouse.se\/en\/wp-json\/wp\/v2\/product"}],"about":[{"href":"https:\/\/stonehouse.se\/en\/wp-json\/wp\/v2\/types\/product"}],"wp:featuredmedia":[{"embeddable":true,"href":"https:\/\/stonehouse.se\/en\/wp-json\/wp\/v2\/media\/79770"}],"wp:attachment":[{"href":"https:\/\/stonehouse.se\/en\/wp-json\/wp\/v2\/media?parent=79727"}],"wp:term":[{"taxonomy":"product_brand","embeddable":true,"href":"https:\/\/stonehouse.se\/en\/wp-json\/wp\/v2\/product_brand?post=79727"},{"taxonomy":"product_cat","embeddable":true,"href":"https:\/\/stonehouse.se\/en\/wp-json\/wp\/v2\/product_cat?post=79727"},{"taxonomy":"product_tag","embeddable":true,"href":"https:\/\/stonehouse.se\/en\/wp-json\/wp\/v2\/product_tag?post=79727"}],"curies":[{"name":"wp","href":"https:\/\/api.w.org\/{rel}","templated":true}]}}