
{"id":79730,"date":"2024-12-05T16:18:49","date_gmt":"2024-12-05T15:18:49","guid":{"rendered":"https:\/\/stonehouse.se\/produkt\/ir-detektor-tradlos-wpir\/"},"modified":"2026-04-08T16:29:22","modified_gmt":"2026-04-08T14:29:22","slug":"ir-detektor-tradlos-wpir","status":"publish","type":"product","link":"https:\/\/stonehouse.se\/en\/product\/ir-detektor-tradlos-wpir\/","title":{"rendered":"IR-DETEKTOR TR\u00c5DL\u00d6S WPIR"},"content":{"rendered":"<p>Passiv infrar\u00f6d detektor med 12meters r\u00e4ckvidd, husdjursimmunitet (upp till 25kg) och l\u00e5ng batterilivsl\u00e4ngd. Detektorns olika k\u00e4nslighetsl\u00e4gen kan \u00e4ndras via fj\u00e4rruppkoppling via SPC Connect. Detektorn kr\u00e4ver att SPCW120 finns installerad i SPC-centralen.<\/p>","protected":false},"excerpt":{"rendered":"<p>Passiv infrar\u00f6d detektor med 12meters r\u00e4ckvidd, husdjursimmunitet (upp till 25kg) och l\u00e5ng batterilivsl\u00e4ngd. Detektorns olika k\u00e4nslighetsl\u00e4gen kan \u00e4ndras via fj\u00e4rruppkoppling<\/p>","protected":false},"featured_media":79767,"template":"","meta":{"_acf_changed":false},"product_brand":[],"product_cat":[3486],"product_tag":[3497],"class_list":{"0":"post-79730","1":"product","2":"type-product","3":"status-publish","4":"has-post-thumbnail","6":"product_cat-spc-larmgivare","7":"product_tag-spc-larmgivare","8":"product_shipping_class-tunga-paket","9":"tm-no-options","11":"first","12":"outofstock","13":"sale","14":"taxable","15":"shipping-taxable","16":"product-type-simple"},"acf":[],"_links":{"self":[{"href":"https:\/\/stonehouse.se\/en\/wp-json\/wp\/v2\/product\/79730","targetHints":{"allow":["GET"]}}],"collection":[{"href":"https:\/\/stonehouse.se\/en\/wp-json\/wp\/v2\/product"}],"about":[{"href":"https:\/\/stonehouse.se\/en\/wp-json\/wp\/v2\/types\/product"}],"wp:featuredmedia":[{"embeddable":true,"href":"https:\/\/stonehouse.se\/en\/wp-json\/wp\/v2\/media\/79767"}],"wp:attachment":[{"href":"https:\/\/stonehouse.se\/en\/wp-json\/wp\/v2\/media?parent=79730"}],"wp:term":[{"taxonomy":"product_brand","embeddable":true,"href":"https:\/\/stonehouse.se\/en\/wp-json\/wp\/v2\/product_brand?post=79730"},{"taxonomy":"product_cat","embeddable":true,"href":"https:\/\/stonehouse.se\/en\/wp-json\/wp\/v2\/product_cat?post=79730"},{"taxonomy":"product_tag","embeddable":true,"href":"https:\/\/stonehouse.se\/en\/wp-json\/wp\/v2\/product_tag?post=79730"}],"curies":[{"name":"wp","href":"https:\/\/api.w.org\/{rel}","templated":true}]}}