
{"id":79736,"date":"2024-12-05T16:18:49","date_gmt":"2024-12-05T15:18:49","guid":{"rendered":"https:\/\/stonehouse.se\/produkt\/centralapp-spc5350-320-l1\/"},"modified":"2026-04-08T16:47:55","modified_gmt":"2026-04-08T14:47:55","slug":"centralapp-spc5350-320-l1","status":"publish","type":"product","link":"https:\/\/stonehouse.se\/en\/product\/centralapp-spc5350-320-l1\/","title":{"rendered":"CENTRALAPP. SPC5350.320-L1"},"content":{"rendered":"<p>Centralapparat med 16 sektioner utbyggbar till 128 sektioner och 128 utg\u00e5ngar ( 12 inbyggt ). Enheterna ansluts till XBus-slingan. Centralapparaten m\u00e5ste kompletteras med en telemodul eller en GSM-modul eller b\u00e5da. TCP\/IP-anslutning som standard. Centralen programmeras med SPC PRO p\u00e5 plats via USB eller via modem. SPC 5350.320 levereras i pl\u00e5tkapsling med plats f\u00f6r 2 x 27Ah ackumulatorer och inbyggd trafo. Dessutom kan minst 4 st expansionsenheter monteras i kapslingen.<\/p>","protected":false},"excerpt":{"rendered":"<p>Centralapparat med 16 sektioner utbyggbar till 128 sektioner och 128 utg\u00e5ngar ( 12 inbyggt ). Enheterna ansluts till XBus-slingan. Centralapparaten<\/p>","protected":false},"featured_media":79762,"template":"","meta":{"_acf_changed":false},"product_brand":[],"product_cat":[3480],"product_tag":[3494],"class_list":{"0":"post-79736","1":"product","2":"type-product","3":"status-publish","4":"has-post-thumbnail","6":"product_cat-spc-central","7":"product_tag-spc-central","8":"product_shipping_class-tunga-paket","9":"tm-no-options","11":"first","12":"outofstock","13":"sale","14":"taxable","15":"shipping-taxable","16":"product-type-simple"},"acf":[],"_links":{"self":[{"href":"https:\/\/stonehouse.se\/en\/wp-json\/wp\/v2\/product\/79736","targetHints":{"allow":["GET"]}}],"collection":[{"href":"https:\/\/stonehouse.se\/en\/wp-json\/wp\/v2\/product"}],"about":[{"href":"https:\/\/stonehouse.se\/en\/wp-json\/wp\/v2\/types\/product"}],"wp:featuredmedia":[{"embeddable":true,"href":"https:\/\/stonehouse.se\/en\/wp-json\/wp\/v2\/media\/79762"}],"wp:attachment":[{"href":"https:\/\/stonehouse.se\/en\/wp-json\/wp\/v2\/media?parent=79736"}],"wp:term":[{"taxonomy":"product_brand","embeddable":true,"href":"https:\/\/stonehouse.se\/en\/wp-json\/wp\/v2\/product_brand?post=79736"},{"taxonomy":"product_cat","embeddable":true,"href":"https:\/\/stonehouse.se\/en\/wp-json\/wp\/v2\/product_cat?post=79736"},{"taxonomy":"product_tag","embeddable":true,"href":"https:\/\/stonehouse.se\/en\/wp-json\/wp\/v2\/product_tag?post=79736"}],"curies":[{"name":"wp","href":"https:\/\/api.w.org\/{rel}","templated":true}]}}