
{"id":79739,"date":"2024-12-05T16:18:50","date_gmt":"2024-12-05T15:18:50","guid":{"rendered":"https:\/\/stonehouse.se\/produkt\/dorrcentralkit-spca210pp500em\/"},"modified":"2026-04-08T16:31:38","modified_gmt":"2026-04-08T14:31:38","slug":"dorrcentralkit-spca210pp500em","status":"publish","type":"product","link":"https:\/\/stonehouse.se\/en\/product\/dorrcentralkit-spca210pp500em\/","title":{"rendered":"D\u00d6RRCENTRALKIT SPCA210+PP500EM"},"content":{"rendered":"","protected":false},"excerpt":{"rendered":"<p>Kit med SPC A210 d\u00f6rrcentral och EM-kortl\u00e4sare PP500EM. F\u00f6r mer information se respektive produkt.<\/p>","protected":false},"featured_media":79760,"template":"","meta":{"_acf_changed":false},"product_brand":[],"product_cat":[3485],"product_tag":[3490],"class_list":{"0":"post-79739","1":"product","2":"type-product","3":"status-publish","4":"has-post-thumbnail","6":"product_cat-spc-paket-start","7":"product_tag-spc-paket-start","8":"product_shipping_class-tunga-paket","9":"tm-no-options","11":"first","12":"outofstock","13":"sale","14":"taxable","15":"shipping-taxable","16":"product-type-simple"},"acf":[],"_links":{"self":[{"href":"https:\/\/stonehouse.se\/en\/wp-json\/wp\/v2\/product\/79739","targetHints":{"allow":["GET"]}}],"collection":[{"href":"https:\/\/stonehouse.se\/en\/wp-json\/wp\/v2\/product"}],"about":[{"href":"https:\/\/stonehouse.se\/en\/wp-json\/wp\/v2\/types\/product"}],"wp:featuredmedia":[{"embeddable":true,"href":"https:\/\/stonehouse.se\/en\/wp-json\/wp\/v2\/media\/79760"}],"wp:attachment":[{"href":"https:\/\/stonehouse.se\/en\/wp-json\/wp\/v2\/media?parent=79739"}],"wp:term":[{"taxonomy":"product_brand","embeddable":true,"href":"https:\/\/stonehouse.se\/en\/wp-json\/wp\/v2\/product_brand?post=79739"},{"taxonomy":"product_cat","embeddable":true,"href":"https:\/\/stonehouse.se\/en\/wp-json\/wp\/v2\/product_cat?post=79739"},{"taxonomy":"product_tag","embeddable":true,"href":"https:\/\/stonehouse.se\/en\/wp-json\/wp\/v2\/product_tag?post=79739"}],"curies":[{"name":"wp","href":"https:\/\/api.w.org\/{rel}","templated":true}]}}