
{"id":79741,"date":"2024-12-05T16:18:50","date_gmt":"2024-12-05T15:18:50","guid":{"rendered":"https:\/\/stonehouse.se\/produkt\/inomhussiren-tradlos-med-blixt\/"},"modified":"2026-04-08T16:31:34","modified_gmt":"2026-04-08T14:31:34","slug":"inomhussiren-tradlos-med-blixt","status":"publish","type":"product","link":"https:\/\/stonehouse.se\/en\/product\/inomhussiren-tradlos-med-blixt\/","title":{"rendered":"INOMHUSSIREN TR\u00c5DL\u00d6S MED BLIXT"},"content":{"rendered":"<p>WSIR-INT \u00e4r en tv\u00e5v\u00e4gs tr\u00e5dl\u00f6s inomhussiren \/ blixtljus med en klar lins. Siren och blixtljus kan styras individuellt av SPC-centralen. Vanderbilts WSIR-INT blandar stil och s\u00e4kerhet p\u00e5 ett s\u00f6ml\u00f6st s\u00e4tt vilket resulterar i en ledande produkt. WSIR-INT \u00e4r liten och elegant och kan installeras p\u00e5 n\u00e5gra sekunder. Denna enhet \u00e4r l\u00e4tt att montera, l\u00e4tt att koppla ihop och l\u00e4tt att konfigurera vilket leder till att installationstiden minimeras. Ut\u00f6ver det anv\u00e4nder enheten dessutom f\u00f6rb\u00e4ttrad RF-teknik med svagstr\u00f6m som ger \u00f6verl\u00e4gsen kommunikation och garanterar l\u00e5ng batteritid. Tekniska data: Dimensions (W x H x D): 93mm x 93mm x 31mm. Vikt: 150 g netto. Ljudniv\u00e5: 100dB vid 1m. Sabotagekontakt: Fr\u00e4mre skydd och borttagning. Str\u00f6mf\u00f6rbrukning: Standby ~60\u00b5A Mottagningsl\u00e4ge ~26mA S\u00e4ndningsl\u00e4ge ~50 mA. R\u00e4ckvid: upp till 500m i \u00f6ppen yta.<\/p>","protected":false},"excerpt":{"rendered":"<p>WSIR-INT \u00e4r en tv\u00e5v\u00e4gs tr\u00e5dl\u00f6s inomhussiren \/ blixtljus med en klar lins. Siren och blixtljus kan styras individuellt av SPC-centralen.<\/p>","protected":false},"featured_media":79758,"template":"","meta":{"_acf_changed":false},"product_brand":[],"product_cat":[3486],"product_tag":[3497],"class_list":{"0":"post-79741","1":"product","2":"type-product","3":"status-publish","4":"has-post-thumbnail","6":"product_cat-spc-larmgivare","7":"product_tag-spc-larmgivare","8":"product_shipping_class-tunga-paket","9":"tm-no-options","11":"first","12":"instock","13":"sale","14":"taxable","15":"shipping-taxable","16":"product-type-simple"},"acf":[],"_links":{"self":[{"href":"https:\/\/stonehouse.se\/en\/wp-json\/wp\/v2\/product\/79741","targetHints":{"allow":["GET"]}}],"collection":[{"href":"https:\/\/stonehouse.se\/en\/wp-json\/wp\/v2\/product"}],"about":[{"href":"https:\/\/stonehouse.se\/en\/wp-json\/wp\/v2\/types\/product"}],"wp:featuredmedia":[{"embeddable":true,"href":"https:\/\/stonehouse.se\/en\/wp-json\/wp\/v2\/media\/79758"}],"wp:attachment":[{"href":"https:\/\/stonehouse.se\/en\/wp-json\/wp\/v2\/media?parent=79741"}],"wp:term":[{"taxonomy":"product_brand","embeddable":true,"href":"https:\/\/stonehouse.se\/en\/wp-json\/wp\/v2\/product_brand?post=79741"},{"taxonomy":"product_cat","embeddable":true,"href":"https:\/\/stonehouse.se\/en\/wp-json\/wp\/v2\/product_cat?post=79741"},{"taxonomy":"product_tag","embeddable":true,"href":"https:\/\/stonehouse.se\/en\/wp-json\/wp\/v2\/product_tag?post=79741"}],"curies":[{"name":"wp","href":"https:\/\/api.w.org\/{rel}","templated":true}]}}