
{"id":79749,"date":"2024-12-06T12:24:25","date_gmt":"2024-12-06T11:24:25","guid":{"rendered":"https:\/\/stonehouse.se\/?post_type=product&#038;p=79749"},"modified":"2026-04-08T16:31:27","modified_gmt":"2026-04-08T14:31:27","slug":"manoverpanel-spck520-100-n-copy","status":"publish","type":"product","link":"https:\/\/stonehouse.se\/en\/product\/manoverpanel-spck520-100-n-copy\/","title":{"rendered":"MAN\u00d6VERPANEL SPCK520.100-N (Copy)"},"content":{"rendered":"<p>Kompakt man\u00f6verpanel till SPC med snygg och tilltalande design. Helt sl\u00e4t front med kapacitiva tangenter och en stor och tydlig display. Kan anv\u00e4ndas till alla SPC-centraler. Designen \u00e4r gjord f\u00f6r stt den skall sm\u00e4lta in i moderna lokaler. Dess byggdjup \u00e4r endast 18mm. Som tillbeh\u00f6r finns inf\u00e4llnadssats.<\/p>","protected":false},"excerpt":{"rendered":"<p>Kompakt man\u00f6verpanel till SPC med snygg och tilltalande design. Helt sl\u00e4t front med kapacitiva tangenter och en stor och tydlig<\/p>","protected":false},"featured_media":79748,"template":"","meta":{"_acf_changed":false},"product_brand":[],"product_cat":[474],"product_tag":[3489,3498],"class_list":{"0":"post-79749","1":"product","2":"type-product","3":"status-publish","4":"has-post-thumbnail","6":"product_cat-spc-vanderbilt","7":"product_tag-spc-manoverpanel-lasare","8":"product_tag-sync","9":"product_shipping_class-tunga-paket","10":"tm-no-options","12":"first","13":"outofstock","14":"sale","15":"taxable","16":"shipping-taxable","17":"product-type-simple"},"acf":[],"_links":{"self":[{"href":"https:\/\/stonehouse.se\/en\/wp-json\/wp\/v2\/product\/79749","targetHints":{"allow":["GET"]}}],"collection":[{"href":"https:\/\/stonehouse.se\/en\/wp-json\/wp\/v2\/product"}],"about":[{"href":"https:\/\/stonehouse.se\/en\/wp-json\/wp\/v2\/types\/product"}],"wp:featuredmedia":[{"embeddable":true,"href":"https:\/\/stonehouse.se\/en\/wp-json\/wp\/v2\/media\/79748"}],"wp:attachment":[{"href":"https:\/\/stonehouse.se\/en\/wp-json\/wp\/v2\/media?parent=79749"}],"wp:term":[{"taxonomy":"product_brand","embeddable":true,"href":"https:\/\/stonehouse.se\/en\/wp-json\/wp\/v2\/product_brand?post=79749"},{"taxonomy":"product_cat","embeddable":true,"href":"https:\/\/stonehouse.se\/en\/wp-json\/wp\/v2\/product_cat?post=79749"},{"taxonomy":"product_tag","embeddable":true,"href":"https:\/\/stonehouse.se\/en\/wp-json\/wp\/v2\/product_tag?post=79749"}],"curies":[{"name":"wp","href":"https:\/\/api.w.org\/{rel}","templated":true}]}}