
{"id":79797,"date":"2024-11-20T14:40:32","date_gmt":"2024-11-20T13:40:32","guid":{"rendered":"https:\/\/stonehouse.se\/produkt\/korthallare-pushbox-mono-utan-faste\/"},"modified":"2025-09-25T21:27:04","modified_gmt":"2025-09-25T19:27:04","slug":"korthallare-pushbox-mono-utan-faste","status":"publish","type":"product","link":"https:\/\/stonehouse.se\/en\/product\/korthallare-pushbox-mono-utan-faste\/","title":{"rendered":"Korth\u00e5llare PUSHBOX MONO utan f\u00e4ste"},"content":{"rendered":"<p>Skydda id-kortet, beh\u00f6righetskortet eller passerkortet genom att anv\u00e4nda en korth\u00e5llare med anpassat utf\u00f6rande och f\u00e4ste &#8211; s\u00e5 att kortet alltid sitter bra utan att vara iv\u00e4gen,  men \u00e4nd\u00e5 l\u00e4tt \u00e5tkomligt. Denna korth\u00e5llare f\u00f6r 1 kort passar bl a f\u00f6r k\u00e4nsliga kort som \u00e4r kodade med RFID eller annan kodning. Med kortutskjutare, som n\u00e4r den skjuts fram\u00e5t g\u00f6r att kortet sticker ut fr\u00e5n h\u00e5llaren och blir l\u00e4tt att ta ut.  Kan anv\u00e4ndas i b\u00e5de liggande  och st\u00e5ende format. F\u00f6r standardkort ca 54x86mm.<\/p>","protected":false},"excerpt":{"rendered":"<p>Passerkorth\u00e5llare med kortutskjutare f\u00f6r 1 kort i standardformat. 10st\/frp<\/p>","protected":false},"featured_media":79796,"template":"","meta":{"_acf_changed":false},"product_brand":[],"product_cat":[565],"product_tag":[3506],"class_list":{"0":"post-79797","1":"product","2":"type-product","3":"status-publish","4":"has-post-thumbnail","6":"product_cat-korthallare-liggande-eko","7":"product_tag-transparent","8":"product_shipping_class-tunga-paket","9":"pa_brands-durable","10":"pa_farg-transparent","11":"tm-no-options","13":"first","14":"onbackorder","15":"sale","16":"taxable","17":"shipping-taxable","18":"product-type-simple"},"acf":[],"_links":{"self":[{"href":"https:\/\/stonehouse.se\/en\/wp-json\/wp\/v2\/product\/79797","targetHints":{"allow":["GET"]}}],"collection":[{"href":"https:\/\/stonehouse.se\/en\/wp-json\/wp\/v2\/product"}],"about":[{"href":"https:\/\/stonehouse.se\/en\/wp-json\/wp\/v2\/types\/product"}],"wp:featuredmedia":[{"embeddable":true,"href":"https:\/\/stonehouse.se\/en\/wp-json\/wp\/v2\/media\/79796"}],"wp:attachment":[{"href":"https:\/\/stonehouse.se\/en\/wp-json\/wp\/v2\/media?parent=79797"}],"wp:term":[{"taxonomy":"product_brand","embeddable":true,"href":"https:\/\/stonehouse.se\/en\/wp-json\/wp\/v2\/product_brand?post=79797"},{"taxonomy":"product_cat","embeddable":true,"href":"https:\/\/stonehouse.se\/en\/wp-json\/wp\/v2\/product_cat?post=79797"},{"taxonomy":"product_tag","embeddable":true,"href":"https:\/\/stonehouse.se\/en\/wp-json\/wp\/v2\/product_tag?post=79797"}],"curies":[{"name":"wp","href":"https:\/\/api.w.org\/{rel}","templated":true}]}}