
{"id":79892,"date":"2024-11-20T14:40:11","date_gmt":"2024-11-20T13:40:11","guid":{"rendered":"https:\/\/stonehouse.se\/produkt\/korthallare-for-2-kort-med-hangselclips\/"},"modified":"2025-09-25T21:24:06","modified_gmt":"2025-09-25T19:24:06","slug":"korthallare-for-2-kort-med-hangselclips","status":"publish","type":"product","link":"https:\/\/stonehouse.se\/en\/product\/korthallare-for-2-kort-med-hangselclips\/","title":{"rendered":"Korth\u00e5llare f\u00f6r 2 kort med h\u00e4ngselclips"},"content":{"rendered":"<p>Skydda id-kortet, beh\u00f6righetskortet eller passerkortet genom att anv\u00e4nda en korth\u00e5llare med anpassat utf\u00f6rande och f\u00e4ste &#8211; s\u00e5 att kortet alltid sitter bra utan att vara iv\u00e4gen,  men \u00e4nd\u00e5 l\u00e4tt \u00e5tkomligt.  Denna t\u00e4ckta dubbelh\u00e5llare f\u00f6r 2 kort \u00e4r av slitstark  akryl med  ett vridbart h\u00e4ngselclips som g\u00f6r att skylten alltid h\u00e4nger i r\u00e4tt l\u00e4ge.  Kan anv\u00e4ndas i b\u00e5de liggande och st\u00e5ende format. Tumgrepp g\u00f6r det enkelt att ta ut kortet. F\u00f6r standardkort ca 54x86mm. <\/p>","protected":false},"excerpt":{"rendered":"<p>T\u00e4ckt passerkorth\u00e5llare med clips f\u00f6r 2 passerkort i standardformat. 25 st\/frp<\/p>","protected":false},"featured_media":79890,"template":"","meta":{"_acf_changed":false},"product_brand":[],"product_cat":[564,563],"product_tag":[3506],"class_list":{"0":"post-79892","1":"product","2":"type-product","3":"status-publish","4":"has-post-thumbnail","6":"product_cat-korthallare-med-clips-liggande","7":"product_cat-korthallare-med-clips-staende","8":"product_tag-transparent","9":"product_shipping_class-tunga-paket","10":"pa_brands-durable","11":"pa_farg-transparent","12":"tm-no-options","14":"first","15":"instock","16":"sale","17":"taxable","18":"shipping-taxable","19":"product-type-simple"},"acf":[],"_links":{"self":[{"href":"https:\/\/stonehouse.se\/en\/wp-json\/wp\/v2\/product\/79892","targetHints":{"allow":["GET"]}}],"collection":[{"href":"https:\/\/stonehouse.se\/en\/wp-json\/wp\/v2\/product"}],"about":[{"href":"https:\/\/stonehouse.se\/en\/wp-json\/wp\/v2\/types\/product"}],"wp:featuredmedia":[{"embeddable":true,"href":"https:\/\/stonehouse.se\/en\/wp-json\/wp\/v2\/media\/79890"}],"wp:attachment":[{"href":"https:\/\/stonehouse.se\/en\/wp-json\/wp\/v2\/media?parent=79892"}],"wp:term":[{"taxonomy":"product_brand","embeddable":true,"href":"https:\/\/stonehouse.se\/en\/wp-json\/wp\/v2\/product_brand?post=79892"},{"taxonomy":"product_cat","embeddable":true,"href":"https:\/\/stonehouse.se\/en\/wp-json\/wp\/v2\/product_cat?post=79892"},{"taxonomy":"product_tag","embeddable":true,"href":"https:\/\/stonehouse.se\/en\/wp-json\/wp\/v2\/product_tag?post=79892"}],"curies":[{"name":"wp","href":"https:\/\/api.w.org\/{rel}","templated":true}]}}