
{"id":79919,"date":"2024-11-20T14:41:16","date_gmt":"2024-11-20T13:41:16","guid":{"rendered":"https:\/\/stonehouse.se\/produkt\/korthallare-oppen-for-2-kort-utan-faste\/"},"modified":"2025-09-25T21:31:15","modified_gmt":"2025-09-25T19:31:15","slug":"korthallare-oppen-for-2-kort-utan-faste","status":"publish","type":"product","link":"https:\/\/stonehouse.se\/en\/product\/korthallare-oppen-for-2-kort-utan-faste\/","title":{"rendered":"Korth\u00e5llare \u00f6ppen f\u00f6r 2 kort utan f\u00e4ste"},"content":{"rendered":"<p>Skydda id-kortet, beh\u00f6righetskortet eller passerkortet genom att anv\u00e4nda en korth\u00e5llare med anpassat utf\u00f6rande och f\u00e4ste &#8211; s\u00e5 att kortet alltid sitter bra utan att vara iv\u00e4gen,  men \u00e4nd\u00e5 l\u00e4tt \u00e5tkomligt.  Denna \u00f6ppna dubbelh\u00e5llare f\u00f6r 2 kort \u00e4r av  kraftig polystyrenplast. Kombinera med  nyckelband, jojo eller clips. Kan anv\u00e4ndas i b\u00e5de liggande  och st\u00e5ende format. F\u00f6r standardkort ca 54x86mm.<\/p>","protected":false},"excerpt":{"rendered":"<p>\u00d6ppen passerkorth\u00e5llare f\u00f6r 2 passerkort i standardformat. Kombinera med halsband, jojo eller clips.10 st\/frp<\/p>","protected":false},"featured_media":79918,"template":"","meta":{"_acf_changed":false},"product_brand":[],"product_cat":[564,563],"product_tag":[3506],"class_list":{"0":"post-79919","1":"product","2":"type-product","3":"status-publish","4":"has-post-thumbnail","6":"product_cat-korthallare-med-clips-liggande","7":"product_cat-korthallare-med-clips-staende","8":"product_tag-transparent","9":"product_shipping_class-tunga-paket","10":"pa_brands-durable","11":"pa_farg-transparent","12":"tm-no-options","14":"first","15":"instock","16":"sale","17":"taxable","18":"shipping-taxable","19":"product-type-simple"},"acf":[],"_links":{"self":[{"href":"https:\/\/stonehouse.se\/en\/wp-json\/wp\/v2\/product\/79919","targetHints":{"allow":["GET"]}}],"collection":[{"href":"https:\/\/stonehouse.se\/en\/wp-json\/wp\/v2\/product"}],"about":[{"href":"https:\/\/stonehouse.se\/en\/wp-json\/wp\/v2\/types\/product"}],"wp:featuredmedia":[{"embeddable":true,"href":"https:\/\/stonehouse.se\/en\/wp-json\/wp\/v2\/media\/79918"}],"wp:attachment":[{"href":"https:\/\/stonehouse.se\/en\/wp-json\/wp\/v2\/media?parent=79919"}],"wp:term":[{"taxonomy":"product_brand","embeddable":true,"href":"https:\/\/stonehouse.se\/en\/wp-json\/wp\/v2\/product_brand?post=79919"},{"taxonomy":"product_cat","embeddable":true,"href":"https:\/\/stonehouse.se\/en\/wp-json\/wp\/v2\/product_cat?post=79919"},{"taxonomy":"product_tag","embeddable":true,"href":"https:\/\/stonehouse.se\/en\/wp-json\/wp\/v2\/product_tag?post=79919"}],"curies":[{"name":"wp","href":"https:\/\/api.w.org\/{rel}","templated":true}]}}