
{"id":79963,"date":"2024-11-20T14:40:11","date_gmt":"2024-11-20T13:40:11","guid":{"rendered":"https:\/\/stonehouse.se\/produkt\/korthallare-for-2-kort-med-jojo\/"},"modified":"2025-09-25T21:37:31","modified_gmt":"2025-09-25T19:37:31","slug":"korthallare-for-2-kort-med-jojo","status":"publish","type":"product","link":"https:\/\/stonehouse.se\/en\/product\/korthallare-for-2-kort-med-jojo\/","title":{"rendered":"Korth\u00e5llare f\u00f6r 2 kort med jojo"},"content":{"rendered":"<p>Skydda id-kortet, beh\u00f6righetskortet eller passerkortet genom att anv\u00e4nda en korth\u00e5llare med anpassat utf\u00f6rande och f\u00e4ste &#8211; s\u00e5 att kortet alltid sitter bra utan att vara iv\u00e4gen,  men \u00e4nd\u00e5 l\u00e4tt \u00e5tkomligt.  Denna t\u00e4ckta dubbelh\u00e5llare f\u00f6r 2 kort \u00e4r av slitstark  akryl med jojof\u00e4ste som \u00e4r utdragbart upp till  80 cm.  Kan anv\u00e4ndas i b\u00e5de liggande   och st\u00e5ende format. Tumgrepp g\u00f6r det enkelt att ta ut kortet. F\u00f6r standardkort ca 54x86mm.<\/p>","protected":false},"excerpt":{"rendered":"<p>T\u00e4ckt passerkorth\u00e5llare med utdragbart jojof\u00e4ste f\u00f6r 2 passerkort i standardformat.  10 st\/frp<\/p>","protected":false},"featured_media":79962,"template":"","meta":{"_acf_changed":false},"product_brand":[],"product_cat":[568],"product_tag":[3506],"class_list":{"0":"post-79963","1":"product","2":"type-product","3":"status-publish","4":"has-post-thumbnail","6":"product_cat-jojo-yoyo-med-korthallare","7":"product_tag-transparent","8":"product_shipping_class-tunga-paket","9":"pa_brands-durable","10":"pa_farg-transparent","11":"tm-no-options","13":"first","14":"instock","15":"sale","16":"taxable","17":"shipping-taxable","18":"product-type-simple"},"acf":[],"_links":{"self":[{"href":"https:\/\/stonehouse.se\/en\/wp-json\/wp\/v2\/product\/79963","targetHints":{"allow":["GET"]}}],"collection":[{"href":"https:\/\/stonehouse.se\/en\/wp-json\/wp\/v2\/product"}],"about":[{"href":"https:\/\/stonehouse.se\/en\/wp-json\/wp\/v2\/types\/product"}],"wp:featuredmedia":[{"embeddable":true,"href":"https:\/\/stonehouse.se\/en\/wp-json\/wp\/v2\/media\/79962"}],"wp:attachment":[{"href":"https:\/\/stonehouse.se\/en\/wp-json\/wp\/v2\/media?parent=79963"}],"wp:term":[{"taxonomy":"product_brand","embeddable":true,"href":"https:\/\/stonehouse.se\/en\/wp-json\/wp\/v2\/product_brand?post=79963"},{"taxonomy":"product_cat","embeddable":true,"href":"https:\/\/stonehouse.se\/en\/wp-json\/wp\/v2\/product_cat?post=79963"},{"taxonomy":"product_tag","embeddable":true,"href":"https:\/\/stonehouse.se\/en\/wp-json\/wp\/v2\/product_tag?post=79963"}],"curies":[{"name":"wp","href":"https:\/\/api.w.org\/{rel}","templated":true}]}}