
{"id":79999,"date":"2024-11-20T14:39:50","date_gmt":"2024-11-20T13:39:50","guid":{"rendered":"https:\/\/stonehouse.se\/produkt\/korthallare-de-luxe-f-or-1-kort-m-halsband\/"},"modified":"2025-09-25T21:40:15","modified_gmt":"2025-09-25T19:40:15","slug":"korthallare-de-luxe-f-or-1-kort-m-halsband","status":"publish","type":"product","link":"https:\/\/stonehouse.se\/en\/product\/korthallare-de-luxe-f-or-1-kort-m-halsband\/","title":{"rendered":"Korth\u00e5llare DE LUXE f \u00f6r 1 kort  m halsband"},"content":{"rendered":"<p>Skydda id-kortet, beh\u00f6righetskortet eller passerkortet genom att anv\u00e4nda en korth\u00e5llare med anpassat utf\u00f6rande och f\u00e4ste &#8211; s\u00e5 att kortet alltid sitter bra utan att vara iv\u00e4gen,  men \u00e4nd\u00e5 l\u00e4tt \u00e5tkomligt.  Denna eleganta korth\u00e5llare f\u00f6r 1 kort  \u00e4r av  klar akrylplast och kommer komplett med ca 1 cm brett och 44 cm l\u00e5ngt textilhalsband. Bandet har silkeslen insida och  s\u00e4kerhetsl\u00e5s som \u00f6ppnas om man fastnar i n\u00e5got. F\u00f6r standardkort ca 54x86mm i b\u00e5de liggande och st\u00e5ende format.<\/p>","protected":false},"excerpt":{"rendered":"<p>Elegant, t\u00e4ckt passerkorth\u00e5llare med  textilhalsband f\u00f6r 1 passerkort i standardformat. 10st\/frp<\/p>","protected":false},"featured_media":79998,"template":"","meta":{"_acf_changed":false},"product_brand":[],"product_cat":[3536],"product_tag":[3517],"class_list":{"0":"post-79999","1":"product","2":"type-product","3":"status-publish","4":"has-post-thumbnail","6":"product_cat-korthallare-set-m-nyckelband","7":"product_tag-morkgra","8":"product_shipping_class-tunga-paket","9":"pa_brands-durable","10":"pa_farg-morkgra","11":"tm-no-options","13":"first","14":"onbackorder","15":"sale","16":"taxable","17":"shipping-taxable","18":"product-type-simple"},"acf":[],"_links":{"self":[{"href":"https:\/\/stonehouse.se\/en\/wp-json\/wp\/v2\/product\/79999","targetHints":{"allow":["GET"]}}],"collection":[{"href":"https:\/\/stonehouse.se\/en\/wp-json\/wp\/v2\/product"}],"about":[{"href":"https:\/\/stonehouse.se\/en\/wp-json\/wp\/v2\/types\/product"}],"wp:featuredmedia":[{"embeddable":true,"href":"https:\/\/stonehouse.se\/en\/wp-json\/wp\/v2\/media\/79998"}],"wp:attachment":[{"href":"https:\/\/stonehouse.se\/en\/wp-json\/wp\/v2\/media?parent=79999"}],"wp:term":[{"taxonomy":"product_brand","embeddable":true,"href":"https:\/\/stonehouse.se\/en\/wp-json\/wp\/v2\/product_brand?post=79999"},{"taxonomy":"product_cat","embeddable":true,"href":"https:\/\/stonehouse.se\/en\/wp-json\/wp\/v2\/product_cat?post=79999"},{"taxonomy":"product_tag","embeddable":true,"href":"https:\/\/stonehouse.se\/en\/wp-json\/wp\/v2\/product_tag?post=79999"}],"curies":[{"name":"wp","href":"https:\/\/api.w.org\/{rel}","templated":true}]}}