
{"id":80036,"date":"2024-11-20T14:40:54","date_gmt":"2024-11-20T13:40:54","guid":{"rendered":"https:\/\/stonehouse.se\/produkt\/korthallare-oppen-f-2-kort-m-hangselclips\/"},"modified":"2025-09-25T21:32:09","modified_gmt":"2025-09-25T19:32:09","slug":"korthallare-oppen-f-2-kort-m-hangselclips","status":"publish","type":"product","link":"https:\/\/stonehouse.se\/en\/product\/korthallare-oppen-f-2-kort-m-hangselclips\/","title":{"rendered":"Korth\u00e5llare \u00f6ppen f 2 kort m h\u00e4ngselclips"},"content":{"rendered":"<p>Skydda id-kortet, beh\u00f6righetskortet eller passerkortet genom att anv\u00e4nda en korth\u00e5llare med anpassat utf\u00f6rande och f\u00e4ste &#8211; s\u00e5 att kortet alltid sitter bra utan att vara iv\u00e4gen,  men \u00e4nd\u00e5 l\u00e4tt \u00e5tkomligt.  Denna \u00f6ppna dubbelh\u00e5llare f\u00f6r 2 kort av  kraftig polystyrenplast har ett vridbart h\u00e4ngselclips som g\u00f6r att skylten alltid h\u00e4nger i r\u00e4tt l\u00e4ge.  Kan anv\u00e4ndas i b\u00e5de liggande och st\u00e5ende format. F\u00f6r standardkort ca 54x86mm.<\/p>","protected":false},"excerpt":{"rendered":"<p>\u00d6ppen passerkorth\u00e5llare med clips f\u00f6r 2 passerkort i standardformat.  25 st\/frp<\/p>","protected":false},"featured_media":80035,"template":"","meta":{"_acf_changed":false},"product_brand":[],"product_cat":[564],"product_tag":[3506],"class_list":{"0":"post-80036","1":"product","2":"type-product","3":"status-publish","4":"has-post-thumbnail","6":"product_cat-korthallare-med-clips-liggande","7":"product_tag-transparent","8":"product_shipping_class-tunga-paket","9":"pa_brands-durable","10":"pa_farg-transparent","11":"tm-no-options","13":"first","14":"instock","15":"sale","16":"taxable","17":"shipping-taxable","18":"product-type-simple"},"acf":[],"_links":{"self":[{"href":"https:\/\/stonehouse.se\/en\/wp-json\/wp\/v2\/product\/80036","targetHints":{"allow":["GET"]}}],"collection":[{"href":"https:\/\/stonehouse.se\/en\/wp-json\/wp\/v2\/product"}],"about":[{"href":"https:\/\/stonehouse.se\/en\/wp-json\/wp\/v2\/types\/product"}],"wp:featuredmedia":[{"embeddable":true,"href":"https:\/\/stonehouse.se\/en\/wp-json\/wp\/v2\/media\/80035"}],"wp:attachment":[{"href":"https:\/\/stonehouse.se\/en\/wp-json\/wp\/v2\/media?parent=80036"}],"wp:term":[{"taxonomy":"product_brand","embeddable":true,"href":"https:\/\/stonehouse.se\/en\/wp-json\/wp\/v2\/product_brand?post=80036"},{"taxonomy":"product_cat","embeddable":true,"href":"https:\/\/stonehouse.se\/en\/wp-json\/wp\/v2\/product_cat?post=80036"},{"taxonomy":"product_tag","embeddable":true,"href":"https:\/\/stonehouse.se\/en\/wp-json\/wp\/v2\/product_tag?post=80036"}],"curies":[{"name":"wp","href":"https:\/\/api.w.org\/{rel}","templated":true}]}}