
{"id":80056,"date":"2024-11-20T14:40:33","date_gmt":"2024-11-20T13:40:33","guid":{"rendered":"https:\/\/stonehouse.se\/produkt\/korthallare-rfid-secure-mono-m-hangselclips\/"},"modified":"2025-09-25T21:26:29","modified_gmt":"2025-09-25T19:26:29","slug":"korthallare-rfid-secure-mono-m-hangselclips","status":"publish","type":"product","link":"https:\/\/stonehouse.se\/en\/product\/korthallare-rfid-secure-mono-m-hangselclips\/","title":{"rendered":"Korth\u00e5llare RFID SECURE MONO m h\u00e4ngselclips"},"content":{"rendered":"<p>Skydda id-kortet, beh\u00f6righetskortet eller passerkortet mot obeh\u00f6rig l\u00e4sning av personuppgifter med denna korth\u00e5llare f\u00f6r 1 kort med RFID skydd som skyddar vid frekvensen 13,56 MHz.  Ett vridbart h\u00e4ngselclips g\u00f6r att h\u00e5llaren alltid h\u00e4nger i r\u00e4tt l\u00e4ge. Kan anv\u00e4ndas i b\u00e5de liggande och st\u00e5ende format. F\u00f6r standardkort ca 54x86mm. <\/p>","protected":false},"excerpt":{"rendered":"<p>\u00d6ppen passerkorth\u00e5llare med RFID skydd som skyddar mot tr\u00e5dl\u00f6s skimming. F\u00f6r 1 kort.<\/p>","protected":false},"featured_media":80055,"template":"","meta":{"_acf_changed":false},"product_brand":[],"product_cat":[564],"product_tag":[3510],"class_list":{"0":"post-80056","1":"product","2":"type-product","3":"status-publish","4":"has-post-thumbnail","6":"product_cat-korthallare-med-clips-liggande","7":"product_tag-silver","8":"product_shipping_class-tunga-paket","9":"pa_brands-durable","10":"pa_farg-silver","11":"tm-no-options","13":"first","14":"onbackorder","15":"sale","16":"taxable","17":"shipping-taxable","18":"product-type-simple"},"acf":[],"_links":{"self":[{"href":"https:\/\/stonehouse.se\/en\/wp-json\/wp\/v2\/product\/80056","targetHints":{"allow":["GET"]}}],"collection":[{"href":"https:\/\/stonehouse.se\/en\/wp-json\/wp\/v2\/product"}],"about":[{"href":"https:\/\/stonehouse.se\/en\/wp-json\/wp\/v2\/types\/product"}],"wp:featuredmedia":[{"embeddable":true,"href":"https:\/\/stonehouse.se\/en\/wp-json\/wp\/v2\/media\/80055"}],"wp:attachment":[{"href":"https:\/\/stonehouse.se\/en\/wp-json\/wp\/v2\/media?parent=80056"}],"wp:term":[{"taxonomy":"product_brand","embeddable":true,"href":"https:\/\/stonehouse.se\/en\/wp-json\/wp\/v2\/product_brand?post=80056"},{"taxonomy":"product_cat","embeddable":true,"href":"https:\/\/stonehouse.se\/en\/wp-json\/wp\/v2\/product_cat?post=80056"},{"taxonomy":"product_tag","embeddable":true,"href":"https:\/\/stonehouse.se\/en\/wp-json\/wp\/v2\/product_tag?post=80056"}],"curies":[{"name":"wp","href":"https:\/\/api.w.org\/{rel}","templated":true}]}}