
{"id":80072,"date":"2024-11-20T14:40:32","date_gmt":"2024-11-20T13:40:32","guid":{"rendered":"https:\/\/stonehouse.se\/produkt\/korthallare-pushbox-mono-med-halsband\/"},"modified":"2025-09-25T21:27:30","modified_gmt":"2025-09-25T19:27:30","slug":"korthallare-pushbox-mono-med-halsband","status":"publish","type":"product","link":"https:\/\/stonehouse.se\/en\/product\/korthallare-pushbox-mono-med-halsband\/","title":{"rendered":"Korth\u00e5llare PUSHBOX MONO med halsband"},"content":{"rendered":"<p>Skydda id-kortet, beh\u00f6righetskortet eller passerkortet genom att anv\u00e4nda en korth\u00e5llare med anpassat utf\u00f6rande och f\u00e4ste &#8211; s\u00e5 att kortet alltid sitter bra utan att vara iv\u00e4gen,  men \u00e4nd\u00e5 l\u00e4tt \u00e5tkomligt. Denna korth\u00e5llare f\u00f6r 1 kort passar bl a f\u00f6r k\u00e4nsliga kort som \u00e4r kodade med RFID eller annan kodning. Med kortutskjutare, som n\u00e4r den skjuts fram\u00e5t g\u00f6r att kortet sticker ut fr\u00e5n h\u00e5llaren och blir l\u00e4tt att ta ut. Levereras komplett med ca 1,5 cm brett band av sidenmjuk textil med s\u00e4kerhetsl\u00e5s som \u00f6ppnas om man fastnar i n\u00e5got. 44 cm l\u00e5ngt och roterbar karbinhake. Kan anv\u00e4ndas i b\u00e5de liggande  och st\u00e5ende format. F\u00f6r standardkort ca 54x86mm.<\/p>","protected":false},"excerpt":{"rendered":"<p>Passerkorth\u00e5llare med kortutskjutare  f\u00f6r 1 kort i standardformat. Med 15 mm brett halsband. 10st\/frp<\/p>","protected":false},"featured_media":80071,"template":"","meta":{"_acf_changed":false},"product_brand":[],"product_cat":[3536],"product_tag":[3509],"class_list":{"0":"post-80072","1":"product","2":"type-product","3":"status-publish","4":"has-post-thumbnail","6":"product_cat-korthallare-set-m-nyckelband","7":"product_tag-svart","8":"product_shipping_class-tunga-paket","9":"pa_brands-durable","10":"pa_farg-svart","11":"tm-no-options","13":"first","14":"onbackorder","15":"sale","16":"taxable","17":"shipping-taxable","18":"product-type-simple"},"acf":[],"_links":{"self":[{"href":"https:\/\/stonehouse.se\/en\/wp-json\/wp\/v2\/product\/80072","targetHints":{"allow":["GET"]}}],"collection":[{"href":"https:\/\/stonehouse.se\/en\/wp-json\/wp\/v2\/product"}],"about":[{"href":"https:\/\/stonehouse.se\/en\/wp-json\/wp\/v2\/types\/product"}],"wp:featuredmedia":[{"embeddable":true,"href":"https:\/\/stonehouse.se\/en\/wp-json\/wp\/v2\/media\/80071"}],"wp:attachment":[{"href":"https:\/\/stonehouse.se\/en\/wp-json\/wp\/v2\/media?parent=80072"}],"wp:term":[{"taxonomy":"product_brand","embeddable":true,"href":"https:\/\/stonehouse.se\/en\/wp-json\/wp\/v2\/product_brand?post=80072"},{"taxonomy":"product_cat","embeddable":true,"href":"https:\/\/stonehouse.se\/en\/wp-json\/wp\/v2\/product_cat?post=80072"},{"taxonomy":"product_tag","embeddable":true,"href":"https:\/\/stonehouse.se\/en\/wp-json\/wp\/v2\/product_tag?post=80072"}],"curies":[{"name":"wp","href":"https:\/\/api.w.org\/{rel}","templated":true}]}}