
{"id":80074,"date":"2024-11-20T14:39:50","date_gmt":"2024-11-20T13:39:50","guid":{"rendered":"https:\/\/stonehouse.se\/produkt\/korthallare-de-luxe-pro-for-1-kort-med-jojo\/"},"modified":"2025-09-25T21:39:38","modified_gmt":"2025-09-25T19:39:38","slug":"korthallare-de-luxe-pro-for-1-kort-med-jojo","status":"publish","type":"product","link":"https:\/\/stonehouse.se\/en\/product\/korthallare-de-luxe-pro-for-1-kort-med-jojo\/","title":{"rendered":"Korth\u00e5llare DE LUXE PRO f\u00f6r 1 kort med jojo"},"content":{"rendered":"<p>Skydda id-kortet, beh\u00f6righetskortet eller passerkortet genom att anv\u00e4nda en korth\u00e5llare med anpassat utf\u00f6rande och f\u00e4ste &#8211; s\u00e5 att kortet alltid sitter bra utan att vara iv\u00e4gen,  men \u00e4nd\u00e5 l\u00e4tt \u00e5tkomligt.  Denna eleganta korth\u00e5llare f\u00f6r 1 kort  \u00e4r av  klar akrylplast med kromf\u00e4rgat jojof\u00e4ste som \u00e4r utdragbart upp till  80 cm. B\u00e4lteskl\u00e4mman p\u00e5 jojon \u00e4r av metall. F\u00f6r standardkort ca 54x86mm i b\u00e5de liggande och st\u00e5ende format.<\/p>","protected":false},"excerpt":{"rendered":"<p>Elegant, t\u00e4ckt passerkorth\u00e5llare med  utdragbart jojof\u00e4ste f\u00f6r 1 passerkort i standardformat. 10st\/frp<\/p>","protected":false},"featured_media":80073,"template":"","meta":{"_acf_changed":false},"product_brand":[],"product_cat":[568],"product_tag":[3517],"class_list":{"0":"post-80074","1":"product","2":"type-product","3":"status-publish","4":"has-post-thumbnail","6":"product_cat-jojo-yoyo-med-korthallare","7":"product_tag-morkgra","8":"product_shipping_class-tunga-paket","9":"pa_brands-durable","10":"pa_farg-morkgra","11":"tm-no-options","13":"first","14":"instock","15":"sale","16":"taxable","17":"shipping-taxable","18":"product-type-simple"},"acf":[],"_links":{"self":[{"href":"https:\/\/stonehouse.se\/en\/wp-json\/wp\/v2\/product\/80074","targetHints":{"allow":["GET"]}}],"collection":[{"href":"https:\/\/stonehouse.se\/en\/wp-json\/wp\/v2\/product"}],"about":[{"href":"https:\/\/stonehouse.se\/en\/wp-json\/wp\/v2\/types\/product"}],"wp:featuredmedia":[{"embeddable":true,"href":"https:\/\/stonehouse.se\/en\/wp-json\/wp\/v2\/media\/80073"}],"wp:attachment":[{"href":"https:\/\/stonehouse.se\/en\/wp-json\/wp\/v2\/media?parent=80074"}],"wp:term":[{"taxonomy":"product_brand","embeddable":true,"href":"https:\/\/stonehouse.se\/en\/wp-json\/wp\/v2\/product_brand?post=80074"},{"taxonomy":"product_cat","embeddable":true,"href":"https:\/\/stonehouse.se\/en\/wp-json\/wp\/v2\/product_cat?post=80074"},{"taxonomy":"product_tag","embeddable":true,"href":"https:\/\/stonehouse.se\/en\/wp-json\/wp\/v2\/product_tag?post=80074"}],"curies":[{"name":"wp","href":"https:\/\/api.w.org\/{rel}","templated":true}]}}