
{"id":80248,"date":"2024-11-20T14:40:12","date_gmt":"2024-11-20T13:40:12","guid":{"rendered":"https:\/\/stonehouse.se\/produkt\/korthallare-m-jojo-style\/"},"modified":"2025-09-25T21:36:29","modified_gmt":"2025-09-25T19:36:29","slug":"korthallare-m-jojo-style","status":"publish","type":"product","link":"https:\/\/stonehouse.se\/en\/product\/korthallare-m-jojo-style\/","title":{"rendered":"Korth\u00e5llare m jojo STYLE"},"content":{"rendered":"<p>Skydda id-kortet, beh\u00f6righetskortet eller passerkortet genom att anv\u00e4nda en korth\u00e5llare med anpassat utf\u00f6rande och f\u00e4ste &#8211; s\u00e5 att kortet alltid sitter bra utan att vara iv\u00e4gen,  men \u00e4nd\u00e5 l\u00e4tt \u00e5tkomligt.  T\u00e4ckt korth\u00e5llare f\u00f6r 1 kort i liggande format med  jojof\u00e4ste som \u00e4r utdragbart upp till  80 cm.  Tumgrepp g\u00f6r det enkelt att ta ut kortet. Glasklar f\u00f6r b\u00e4sta l\u00e4sbarhet och skanning av streckkoder. Plasten \u00e4r n\u00e5got flexibel.  F\u00f6r standardkort ca 54x86mm.<\/p>","protected":false},"excerpt":{"rendered":"<p>T\u00e4ckt passerkorth\u00e5llare med utdragbart jojof\u00e4ste f\u00f6r 1 liggande passerkort i standardformat.  1 st\/frp<\/p>","protected":false},"featured_media":80245,"template":"","meta":{"_acf_changed":false},"product_brand":[],"product_cat":[2607],"product_tag":[3509],"class_list":{"0":"post-80248","1":"product","2":"type-product","3":"status-publish","4":"has-post-thumbnail","6":"product_cat-jojo-yoyo-tillbehor-rfid","7":"product_tag-svart","8":"product_shipping_class-tunga-paket","9":"pa_brands-durable","10":"pa_farg-svart","11":"tm-no-options","13":"first","14":"instock","15":"sale","16":"taxable","17":"shipping-taxable","18":"product-type-simple"},"acf":[],"_links":{"self":[{"href":"https:\/\/stonehouse.se\/en\/wp-json\/wp\/v2\/product\/80248","targetHints":{"allow":["GET"]}}],"collection":[{"href":"https:\/\/stonehouse.se\/en\/wp-json\/wp\/v2\/product"}],"about":[{"href":"https:\/\/stonehouse.se\/en\/wp-json\/wp\/v2\/types\/product"}],"wp:featuredmedia":[{"embeddable":true,"href":"https:\/\/stonehouse.se\/en\/wp-json\/wp\/v2\/media\/80245"}],"wp:attachment":[{"href":"https:\/\/stonehouse.se\/en\/wp-json\/wp\/v2\/media?parent=80248"}],"wp:term":[{"taxonomy":"product_brand","embeddable":true,"href":"https:\/\/stonehouse.se\/en\/wp-json\/wp\/v2\/product_brand?post=80248"},{"taxonomy":"product_cat","embeddable":true,"href":"https:\/\/stonehouse.se\/en\/wp-json\/wp\/v2\/product_cat?post=80248"},{"taxonomy":"product_tag","embeddable":true,"href":"https:\/\/stonehouse.se\/en\/wp-json\/wp\/v2\/product_tag?post=80248"}],"curies":[{"name":"wp","href":"https:\/\/api.w.org\/{rel}","templated":true}]}}