
{"id":80254,"date":"2024-11-20T14:40:12","date_gmt":"2024-11-20T13:40:12","guid":{"rendered":"https:\/\/stonehouse.se\/produkt\/korthallare-m-jojo-extra-strong\/"},"modified":"2025-09-25T21:36:47","modified_gmt":"2025-09-25T19:36:47","slug":"korthallare-m-jojo-extra-strong","status":"publish","type":"product","link":"https:\/\/stonehouse.se\/en\/product\/korthallare-m-jojo-extra-strong\/","title":{"rendered":"Korth\u00e5llare m jojo EXTRA STRONG"},"content":{"rendered":"<p>Skydda id-kortet, beh\u00f6righetskortet eller passerkortet genom att anv\u00e4nda en korth\u00e5llare med anpassat utf\u00f6rande och f\u00e4ste &#8211; s\u00e5 att kortet alltid sitter bra utan att vara iv\u00e4gen,  men \u00e4nd\u00e5 l\u00e4tt \u00e5tkomligt.  Denna \u00f6ppna korth\u00e5llare f\u00f6r 1 kort \u00e4r av  kraftig polystyrenplast med extra starkt jojof\u00e4ste med en liten nyckelring och kn\u00e4ppf\u00e4ste f\u00f6r lite tyngre korth\u00e5llare eller nycklar. Magnetl\u00e5s h\u00e5ller den 60 cm l\u00e5nga nylonlinan inrullad om korth\u00e5llaren eller nycklarna v\u00e4ger max 300 gram. Med hake av metall som kan hakas fast i en byxh\u00e4lla. T\u00e4nk p\u00e5 att magnetl\u00e5set kan p\u00e5verka l\u00e4sbarheten f\u00f6r kort med magnetremsa.  F\u00f6r standardkort ca 54x86mm.<\/p>","protected":false},"excerpt":{"rendered":"<p>\u00d6ppen passerkorth\u00e5llare med utdragbart extra starkt  jojof\u00e4ste. F\u00f6r 1  kort i standardformat . 1 st\/frp<\/p>","protected":false},"featured_media":80251,"template":"","meta":{"_acf_changed":false},"product_brand":[],"product_cat":[568],"product_tag":[3509],"class_list":{"0":"post-80254","1":"product","2":"type-product","3":"status-publish","4":"has-post-thumbnail","6":"product_cat-jojo-yoyo-med-korthallare","7":"product_tag-svart","8":"product_shipping_class-tunga-paket","9":"pa_brands-durable","10":"pa_farg-svart","11":"tm-no-options","13":"first","14":"instock","15":"sale","16":"taxable","17":"shipping-taxable","18":"product-type-simple"},"acf":[],"_links":{"self":[{"href":"https:\/\/stonehouse.se\/en\/wp-json\/wp\/v2\/product\/80254","targetHints":{"allow":["GET"]}}],"collection":[{"href":"https:\/\/stonehouse.se\/en\/wp-json\/wp\/v2\/product"}],"about":[{"href":"https:\/\/stonehouse.se\/en\/wp-json\/wp\/v2\/types\/product"}],"wp:featuredmedia":[{"embeddable":true,"href":"https:\/\/stonehouse.se\/en\/wp-json\/wp\/v2\/media\/80251"}],"wp:attachment":[{"href":"https:\/\/stonehouse.se\/en\/wp-json\/wp\/v2\/media?parent=80254"}],"wp:term":[{"taxonomy":"product_brand","embeddable":true,"href":"https:\/\/stonehouse.se\/en\/wp-json\/wp\/v2\/product_brand?post=80254"},{"taxonomy":"product_cat","embeddable":true,"href":"https:\/\/stonehouse.se\/en\/wp-json\/wp\/v2\/product_cat?post=80254"},{"taxonomy":"product_tag","embeddable":true,"href":"https:\/\/stonehouse.se\/en\/wp-json\/wp\/v2\/product_tag?post=80254"}],"curies":[{"name":"wp","href":"https:\/\/api.w.org\/{rel}","templated":true}]}}