
{"id":81049,"date":"2024-11-20T14:04:21","date_gmt":"2024-11-20T13:04:21","guid":{"rendered":"https:\/\/stonehouse.se\/produkt\/forsta-hjalpen-skap-first-aid-box-medium-tom\/"},"modified":"2026-01-12T12:09:29","modified_gmt":"2026-01-12T11:09:29","slug":"forsta-hjalpen-skap-first-aid-box-medium-tom","status":"publish","type":"product","link":"https:\/\/stonehouse.se\/en\/product\/forsta-hjalpen-skap-first-aid-box-medium-tom\/","title":{"rendered":"F\u00f6rsta hj\u00e4lpen sk\u00e5p FIRST AID BOX Medium (tom)"},"content":{"rendered":"<p>Samla f\u00f6rbandsartiklar, huvudv\u00e4rkstabletter  och liknande p\u00e5 ett och samma st\u00e4lle, s\u00e5 att det \u00e4r l\u00e4tt \u00e5tkomligt n\u00e4r det beh\u00f6vs. Designat f\u00f6rsta hj\u00e4lpen sk\u00e5p av aluminium med 2 sv\u00e4ngbara fack som som kan fyllas med inneh\u00e5ll efter behov. Skruv och plugg f\u00f6r v\u00e4ggmontering och ett sj\u00e4lvh\u00e4ftande f\u00f6rsta hj\u00e4lpen m\u00e4rke f\u00f6ljer med. Cylinderl\u00e5s inklusive 2 nycklar g\u00f6r sk\u00e5pet l\u00e5sbart.  M\u00e5tt: 28x30x12cm HxBxD.<br \/>\nTillbeh\u00f6r: Set med f\u00f6rbandsartiklar, art.nr 197200<\/p>","protected":false},"excerpt":{"rendered":"<p>F\u00f6rsta hj\u00e4lpen sk\u00e5p i aluminium med tv\u00e5 fack.<\/p>","protected":false},"featured_media":81048,"template":"","meta":{"_acf_changed":false},"product_brand":[],"product_cat":[493],"product_tag":[3510],"class_list":{"0":"post-81049","1":"product","2":"type-product","3":"status-publish","4":"has-post-thumbnail","6":"product_cat-forsta-hjalpen","7":"product_tag-silver","8":"product_shipping_class-tunga-paket","9":"pa_brands-durable","10":"pa_farg-silver","11":"tm-no-options","13":"first","14":"instock","15":"sale","16":"taxable","17":"shipping-taxable","18":"product-type-simple"},"acf":[],"_links":{"self":[{"href":"https:\/\/stonehouse.se\/en\/wp-json\/wp\/v2\/product\/81049","targetHints":{"allow":["GET"]}}],"collection":[{"href":"https:\/\/stonehouse.se\/en\/wp-json\/wp\/v2\/product"}],"about":[{"href":"https:\/\/stonehouse.se\/en\/wp-json\/wp\/v2\/types\/product"}],"wp:featuredmedia":[{"embeddable":true,"href":"https:\/\/stonehouse.se\/en\/wp-json\/wp\/v2\/media\/81048"}],"wp:attachment":[{"href":"https:\/\/stonehouse.se\/en\/wp-json\/wp\/v2\/media?parent=81049"}],"wp:term":[{"taxonomy":"product_brand","embeddable":true,"href":"https:\/\/stonehouse.se\/en\/wp-json\/wp\/v2\/product_brand?post=81049"},{"taxonomy":"product_cat","embeddable":true,"href":"https:\/\/stonehouse.se\/en\/wp-json\/wp\/v2\/product_cat?post=81049"},{"taxonomy":"product_tag","embeddable":true,"href":"https:\/\/stonehouse.se\/en\/wp-json\/wp\/v2\/product_tag?post=81049"}],"curies":[{"name":"wp","href":"https:\/\/api.w.org\/{rel}","templated":true}]}}