
{"id":81232,"date":"2024-06-12T13:12:53","date_gmt":"2024-06-12T11:12:53","guid":{"rendered":"https:\/\/stonehouse.se\/?post_type=product&#038;p=81232"},"modified":"2026-04-08T16:02:50","modified_gmt":"2026-04-08T14:02:50","slug":"provkit-solo-11-73-m-varme-rok-barvaskor","status":"publish","type":"product","link":"https:\/\/stonehouse.se\/en\/product\/provkit-solo-11-73-m-varme-rok-barvaskor\/","title":{"rendered":"Provkit Solo 11 &#8211; 7,3 m (V\u00e4rme \/ R\u00f6k) &#8211; B\u00e4rv\u00e4skor"},"content":{"rendered":"<h1>Provkit Solo 11 &#8211; 7,3 m (V\u00e4rme \/ R\u00f6k) &#8211; B\u00e4rv\u00e4skor<\/h1>\n<h3>Komplett provkit f\u00f6r r\u00f6k- och v\u00e4rmedetektorer<\/h3>\n<p>Solo\u202f11 \u00e4r designad f\u00f6r s\u00e4ker och effektiv provning av r\u00f6k- och v\u00e4rmedetektorer upp till cirka 7,3\u202fm.<\/p>","protected":false},"excerpt":{"rendered":"<p>Provningskit f\u00f6r R\u00f6k, V\u00e4rme, CO-detektorer \u2013 provning fr\u00e5n golvniv\u00e5.<br \/>\nProvningsh\u00f6jd: upp till ca 7.3 m.<br \/>\nKapacitet: ca 400 tester (enligt produkttext).<br \/>\nInneh\u00e5ll\/komponenter: Solo 11, Solo 330, Solo A5, Solo C3, Solo 461, Solo 108, Solo 101, Solo 610.<br \/>\nAnv\u00e4ndning: service, underh\u00e5ll, drifts\u00e4ttning och \u00e5terkommande kontroller i professionella milj\u00f6er.<\/p>","protected":false},"featured_media":81231,"template":"","meta":{"_acf_changed":false},"product_brand":[],"product_cat":[2291,3784],"product_tag":[],"class_list":{"0":"post-81232","1":"product","2":"type-product","3":"status-publish","4":"has-post-thumbnail","6":"product_cat-solo","7":"product_cat-testifire-kit","8":"product_shipping_class-tunga-paket","9":"pa_brands-solo","10":"tm-no-options","12":"first","13":"instock","14":"sale","15":"taxable","16":"shipping-taxable","17":"product-type-simple"},"acf":[],"_links":{"self":[{"href":"https:\/\/stonehouse.se\/en\/wp-json\/wp\/v2\/product\/81232","targetHints":{"allow":["GET"]}}],"collection":[{"href":"https:\/\/stonehouse.se\/en\/wp-json\/wp\/v2\/product"}],"about":[{"href":"https:\/\/stonehouse.se\/en\/wp-json\/wp\/v2\/types\/product"}],"wp:featuredmedia":[{"embeddable":true,"href":"https:\/\/stonehouse.se\/en\/wp-json\/wp\/v2\/media\/81231"}],"wp:attachment":[{"href":"https:\/\/stonehouse.se\/en\/wp-json\/wp\/v2\/media?parent=81232"}],"wp:term":[{"taxonomy":"product_brand","embeddable":true,"href":"https:\/\/stonehouse.se\/en\/wp-json\/wp\/v2\/product_brand?post=81232"},{"taxonomy":"product_cat","embeddable":true,"href":"https:\/\/stonehouse.se\/en\/wp-json\/wp\/v2\/product_cat?post=81232"},{"taxonomy":"product_tag","embeddable":true,"href":"https:\/\/stonehouse.se\/en\/wp-json\/wp\/v2\/product_tag?post=81232"}],"curies":[{"name":"wp","href":"https:\/\/api.w.org\/{rel}","templated":true}]}}