
{"id":81335,"date":"2024-06-12T13:12:59","date_gmt":"2024-06-12T11:12:59","guid":{"rendered":"https:\/\/stonehouse.se\/?post_type=product&#038;p=81335"},"modified":"2026-04-08T16:06:53","modified_gmt":"2026-04-08T14:06:53","slug":"provkit-solo-22-93-m-varme-rok-vaskor-nedtagare","status":"publish","type":"product","link":"https:\/\/stonehouse.se\/en\/product\/provkit-solo-22-93-m-varme-rok-vaskor-nedtagare\/","title":{"rendered":"Provkit Solo 22 &#8211; 9,3 m (V\u00e4rme \/ R\u00f6k) &#8211; V\u00e4skor &amp; Nedtagare"},"content":{"rendered":"<h1>Provkit Solo 22 &#8211; 9,3 m (V\u00e4rme \/ R\u00f6k) &#8211; V\u00e4skor &amp; Nedtagare<\/h1>\n<h3>Komplett provkit f\u00f6r r\u00f6k- och v\u00e4rmedetektorer upp till 9,3\u202fm<\/h3>\n<p>Solo\u202f22 \u00e4r ett professionellt provningskit som ger full r\u00e4ckvidd f\u00f6r test och underh\u00e5ll av r\u00f6k- och v\u00e4rmedetektorer i stora lokaler eller p\u00e5 h\u00f6ga tak.<\/p>","protected":false},"excerpt":{"rendered":"<p>Provningskit f\u00f6r R\u00f6k, V\u00e4rme, CO-detektorer \u2013 provning fr\u00e5n golvniv\u00e5.<br \/>\nProvningsh\u00f6jd: upp till ca 9.3 m.<br \/>\nInneh\u00e5ll\/komponenter: Solo 22, Solo 330, Solo A5, Solo C3, Solo 100, Solo 101, Solo 200, Solo 461.<br \/>\nAnv\u00e4ndning: service, underh\u00e5ll, drifts\u00e4ttning och \u00e5terkommande kontroller i professionella milj\u00f6er.<\/p>","protected":false},"featured_media":81334,"template":"","meta":{"_acf_changed":false},"product_brand":[],"product_cat":[2291,3784],"product_tag":[],"class_list":{"0":"post-81335","1":"product","2":"type-product","3":"status-publish","4":"has-post-thumbnail","6":"product_cat-solo","7":"product_cat-testifire-kit","8":"product_shipping_class-tunga-paket","9":"tm-no-options","11":"first","12":"instock","13":"sale","14":"taxable","15":"shipping-taxable","16":"product-type-simple"},"acf":[],"_links":{"self":[{"href":"https:\/\/stonehouse.se\/en\/wp-json\/wp\/v2\/product\/81335","targetHints":{"allow":["GET"]}}],"collection":[{"href":"https:\/\/stonehouse.se\/en\/wp-json\/wp\/v2\/product"}],"about":[{"href":"https:\/\/stonehouse.se\/en\/wp-json\/wp\/v2\/types\/product"}],"wp:featuredmedia":[{"embeddable":true,"href":"https:\/\/stonehouse.se\/en\/wp-json\/wp\/v2\/media\/81334"}],"wp:attachment":[{"href":"https:\/\/stonehouse.se\/en\/wp-json\/wp\/v2\/media?parent=81335"}],"wp:term":[{"taxonomy":"product_brand","embeddable":true,"href":"https:\/\/stonehouse.se\/en\/wp-json\/wp\/v2\/product_brand?post=81335"},{"taxonomy":"product_cat","embeddable":true,"href":"https:\/\/stonehouse.se\/en\/wp-json\/wp\/v2\/product_cat?post=81335"},{"taxonomy":"product_tag","embeddable":true,"href":"https:\/\/stonehouse.se\/en\/wp-json\/wp\/v2\/product_tag?post=81335"}],"curies":[{"name":"wp","href":"https:\/\/api.w.org\/{rel}","templated":true}]}}