
{"id":81339,"date":"2024-06-12T13:12:53","date_gmt":"2024-06-12T11:12:53","guid":{"rendered":"https:\/\/stonehouse.se\/?post_type=product&#038;p=81339"},"modified":"2026-04-08T16:02:44","modified_gmt":"2026-04-08T14:02:44","slug":"provkit-solo-13-73-m-rok-vaska-nedtagare","status":"publish","type":"product","link":"https:\/\/stonehouse.se\/en\/product\/provkit-solo-13-73-m-rok-vaska-nedtagare\/","title":{"rendered":"Provkit Solo 13 &#8211; 7,3 m (R\u00f6k) &#8211; V\u00e4ska &amp; Nedtagare"},"content":{"rendered":"<h1>Provkit Solo 13 &#8211; 7,3 m (R\u00f6k) &#8211; V\u00e4ska &amp; Nedtagare<\/h1>\n<h3>Professionellt provkit f\u00f6r r\u00f6kdetektorer<\/h3>\n<p>Solo\u202f13 \u00e4r designat f\u00f6r s\u00e4ker och effektiv provning av r\u00f6kdetektorer p\u00e5 h\u00f6gre h\u00f6jder, upp till cirka 7,3\u202fm.<\/p>","protected":false},"excerpt":{"rendered":"<p>Provningskit f\u00f6r R\u00f6k, CO-detektorer \u2013 provning fr\u00e5n golvniv\u00e5.<br \/>\nProvningsh\u00f6jd: upp till ca 7.3 m.<br \/>\nKapacitet: ca 400 tester (enligt produkttext).<br \/>\nInneh\u00e5ll\/komponenter: Solo 13, Solo 330, Solo A5, Solo C3, Solo 108, Solo 101, Solo 200, Solo 610.<br \/>\nAnv\u00e4ndning: service, underh\u00e5ll, drifts\u00e4ttning och \u00e5terkommande kontroller i professionella milj\u00f6er.<\/p>","protected":false},"featured_media":81338,"template":"","meta":{"_acf_changed":false},"product_brand":[],"product_cat":[2291,3784],"product_tag":[],"class_list":{"0":"post-81339","1":"product","2":"type-product","3":"status-publish","4":"has-post-thumbnail","6":"product_cat-solo","7":"product_cat-testifire-kit","8":"product_shipping_class-tunga-paket","9":"pa_brands-solo","10":"tm-no-options","12":"first","13":"instock","14":"sale","15":"taxable","16":"shipping-taxable","17":"product-type-simple"},"acf":[],"_links":{"self":[{"href":"https:\/\/stonehouse.se\/en\/wp-json\/wp\/v2\/product\/81339","targetHints":{"allow":["GET"]}}],"collection":[{"href":"https:\/\/stonehouse.se\/en\/wp-json\/wp\/v2\/product"}],"about":[{"href":"https:\/\/stonehouse.se\/en\/wp-json\/wp\/v2\/types\/product"}],"wp:featuredmedia":[{"embeddable":true,"href":"https:\/\/stonehouse.se\/en\/wp-json\/wp\/v2\/media\/81338"}],"wp:attachment":[{"href":"https:\/\/stonehouse.se\/en\/wp-json\/wp\/v2\/media?parent=81339"}],"wp:term":[{"taxonomy":"product_brand","embeddable":true,"href":"https:\/\/stonehouse.se\/en\/wp-json\/wp\/v2\/product_brand?post=81339"},{"taxonomy":"product_cat","embeddable":true,"href":"https:\/\/stonehouse.se\/en\/wp-json\/wp\/v2\/product_cat?post=81339"},{"taxonomy":"product_tag","embeddable":true,"href":"https:\/\/stonehouse.se\/en\/wp-json\/wp\/v2\/product_tag?post=81339"}],"curies":[{"name":"wp","href":"https:\/\/api.w.org\/{rel}","templated":true}]}}