
{"id":82820,"date":"2022-11-22T12:01:10","date_gmt":"2022-11-22T11:01:10","guid":{"rendered":"https:\/\/stonehouse.se\/produkt\/exxact-stromstallare-valfri-gravyr-branddorrstangning-valfritt-med-er-logo-copy\/"},"modified":"2025-01-30T16:17:15","modified_gmt":"2025-01-30T15:17:15","slug":"exxact-stromstallare-valfri-gravyr-branddorrstangning-valfritt-med-er-logo-copy","status":"publish","type":"product","link":"https:\/\/stonehouse.se\/en\/product\/exxact-stromstallare-valfri-gravyr-branddorrstangning-valfritt-med-er-logo-copy\/","title":{"rendered":"Exxact str\u00f6mst\u00e4llare &#8211; Valfri gravyr &#8220;Brandd\u00f6rrst\u00e4ngning&#8221;"},"content":{"rendered":"<p>\u00d6ppnaknapp slutande funktion och \u00e5terfj\u00e4drande med ert val av design &#8211; Korrektur kommer allid p\u00e5 nya produkter.<\/p>\n<p>Leveranstiden \u00e4r 2-5 dagar och priser inkluderar gravyr och design.<\/p>\n<p>Om du vill ha \u00f6ppnaknapparna upplagda p\u00e5 ert kundunika lager s\u00e5 meddela oss.<\/p>\n<p>&nbsp;<\/p>","protected":false},"excerpt":{"rendered":"<p>\u00d6ppnaknapp slutande funktion och \u00e5terfj\u00e4drande med ert val av design &#8211; Korrektur kommer allid p\u00e5 nya produkter. Leveranstiden \u00e4r 2-5<\/p>","protected":false},"featured_media":82819,"template":"","meta":{"_acf_changed":false},"product_brand":[],"product_cat":[2599],"product_tag":[2261,2367,3552,2259,1751],"class_list":{"0":"post-82820","1":"product","2":"type-product","3":"status-publish","4":"has-post-thumbnail","6":"product_cat-oppnaknappar","7":"product_tag-brandknappar","8":"product_tag-egen-logo-ej-taggar-kort","9":"product_tag-exxakt-design","10":"product_tag-oppna-brand-design-produkt","11":"product_tag-rel-brand","12":"product_shipping_class-postnord-varubrev","13":"pa_brands-stonehouse-security","14":"tm-no-options","16":"first","17":"instock","18":"featured","19":"taxable","20":"shipping-taxable","21":"product-type-simple"},"acf":[],"_links":{"self":[{"href":"https:\/\/stonehouse.se\/en\/wp-json\/wp\/v2\/product\/82820","targetHints":{"allow":["GET"]}}],"collection":[{"href":"https:\/\/stonehouse.se\/en\/wp-json\/wp\/v2\/product"}],"about":[{"href":"https:\/\/stonehouse.se\/en\/wp-json\/wp\/v2\/types\/product"}],"wp:featuredmedia":[{"embeddable":true,"href":"https:\/\/stonehouse.se\/en\/wp-json\/wp\/v2\/media\/82819"}],"wp:attachment":[{"href":"https:\/\/stonehouse.se\/en\/wp-json\/wp\/v2\/media?parent=82820"}],"wp:term":[{"taxonomy":"product_brand","embeddable":true,"href":"https:\/\/stonehouse.se\/en\/wp-json\/wp\/v2\/product_brand?post=82820"},{"taxonomy":"product_cat","embeddable":true,"href":"https:\/\/stonehouse.se\/en\/wp-json\/wp\/v2\/product_cat?post=82820"},{"taxonomy":"product_tag","embeddable":true,"href":"https:\/\/stonehouse.se\/en\/wp-json\/wp\/v2\/product_tag?post=82820"}],"curies":[{"name":"wp","href":"https:\/\/api.w.org\/{rel}","templated":true}]}}