
{"id":85171,"date":"2024-12-10T13:40:50","date_gmt":"2024-12-10T12:40:50","guid":{"rendered":"https:\/\/stonehouse.se\/?post_type=product&#038;p=85171"},"modified":"2025-01-30T16:17:30","modified_gmt":"2025-01-30T15:17:30","slug":"dsc-paket-kapsling-80-va-centralkort-hs2032","status":"publish","type":"product","link":"https:\/\/stonehouse.se\/en\/product\/dsc-paket-kapsling-80-va-centralkort-hs2032\/","title":{"rendered":"Paket Multikapsling 80 VA + Centralkort HS2032"},"content":{"rendered":"<h1>DSC Paket KIT Kapsling 80 VA + Centralkort HS2032<\/h1>\n<p>B\u00f6rja bygga ditt nya larm med DSC Paket eller f\u00f6r byte av trasig enhet.DSC Paket Kapsling f\u00f6r Risco, DSC NEO, Paradox med sabotage<\/p>\n<ul>\n<li>DSC Paket har en Transformator TRP 80VA &#8211; IP 30, PC \/ ABS<\/li>\n<li>Str\u00f6m 5A \/ 16VAC, 4.5A\/18VAC, 4A \/ 20VAC<\/li>\n<li><span class=\"ui-provider ws b c d e f g h i j k l m n o p q r s t u v w x y z ab ac ae af ag ah ai aj ak\" dir=\"ltr\">Plats f\u00f6r\u00a0 <\/span>Batterier 1 x 7Ah \/ 1 x 17Ah<\/li>\n<li>M\u00e5tt 320 x 400 x 120 [+\/- 2 mm]<\/li>\n<li>Sabotagekontakt<\/li>\n<li>L\u00e5s<\/li>\n<li>Installation utanp\u00e5liggande<\/li>\n<li>Material pl\u00e5t<\/li>\n<li>IP-skydd IP 20<\/li>\n<li>Centralkort HS2032<\/li>\n<\/ul>\n<p><strong>Varf\u00f6r PowerSeries\u00a0 \u00e4r Exceptionellt<\/strong>Att kunna \u00f6vervaka upp till 128 zoner tr\u00e5dl\u00f6st och h\u00e5rdvarum\u00e4ssigt g\u00f6r PowerSeries Neo exceptionellt f\u00f6r stora installationer. Dessutom m\u00f6jligg\u00f6r 8 partitioner anpassade s\u00e4kerhetsl\u00f6sningar f\u00f6r olika sektioner av verksamheten eller hemmet.<strong>PowerSeries: S\u00e4kerhet p\u00e5 Nya Niv\u00e5er med DSC Paket<\/strong><strong>Introduktion<\/strong> PowerSeries fr\u00e5n DSC omdefinierar intr\u00e5ngss\u00e4kerhet genom att kombinera modularitet och tr\u00e5dbundenhet med enkelheten hos ett brett utbud av tr\u00e5dl\u00f6sa enheter och tillbeh\u00f6r. Resultatet \u00e4r det mest omfattande hybrida systemet som finns p\u00e5 marknaden idag.<strong><span style=\"text-decoration: underline;\">Varf\u00f6r PowerSeries Neo \u00e4r en Banbrytande L\u00f6sning<\/span><\/strong>Denna helt nya och exceptionellt flexibla plattform drar nytta av de \u00f6verl\u00e4gsna egenskaperna hos PowerG &#8211; branschens ledande tr\u00e5dl\u00f6sa intr\u00e5ngsteknologi. Innovativa larmverifieringsl\u00f6sningar, tillsammans med en omfattande mjukvarusvit f\u00f6r fj\u00e4rrtj\u00e4nster, g\u00f6r PowerSeries till den optimala f\u00f6rstklassiga l\u00f6sningen f\u00f6r bost\u00e4der och f\u00f6retag.<span style=\"text-decoration: underline;\"><strong>Flexibilitet i S\u00e4kerhet Hybrid &#8211; DSC Paket<\/strong><\/span>PowerSeries kombinerar det b\u00e4sta fr\u00e5n tv\u00e5 v\u00e4rldar &#8211; tr\u00e5dbunden systemets stabilitet och tr\u00e5dl\u00f6sa enheters flexibilitet. Detta m\u00f6jligg\u00f6r anpassning efter unika behov och g\u00f6r det till det mest anpassningsbara systemet p\u00e5 marknaden.<span style=\"text-decoration: underline;\"><strong>Innovativ Teknologi f\u00f6r \u00d6verl\u00e4gsen S\u00e4kerhet<\/strong><\/span>Genom att anv\u00e4nda PowerG-teknologin tar PowerSeries s\u00e4kerheten till en ny niv\u00e5. Det ger inte bara tillf\u00f6rlitlig intrusionsskydd utan m\u00f6jligg\u00f6r ocks\u00e5 smidig integration med olika tr\u00e5dl\u00f6sa enheter.<\/p>\n<h3><strong>Larmverifiering och Fj\u00e4rrtj\u00e4nster<\/strong><\/h3>\n<p>PowerSeries levereras med innovativa larmverifieringsl\u00f6sningar f\u00f6r att s\u00e4kerst\u00e4lla korrekta svar vid varje larm. Den omfattande fj\u00e4rrtj\u00e4nstprogramvaran m\u00f6jligg\u00f6r \u00f6vervakning och styrning var du \u00e4n \u00e4r.<\/p>\n<h3><strong>FAQ om PowerSeries<\/strong><\/h3>\n<p><strong>Q: Varf\u00f6r \u00e4r PowerSeries kallat en hybridl\u00f6sning?<\/strong>A: PowerSeries \u00e4r en hybrid eftersom den kombinerar tr\u00e5dbunden och tr\u00e5dl\u00f6s teknik f\u00f6r en komplett och anpassningsbar s\u00e4kerhetsl\u00f6sning.<strong>Q: Hur s\u00e4kerst\u00e4ller PowerG-teknologin \u00f6verl\u00e4gsen tr\u00e5dl\u00f6s s\u00e4kerhet?<\/strong>A: PowerG-teknologin erbjuder inte bara p\u00e5litlig anslutning utan ocks\u00e5 kryptering och st\u00f6rningsmotst\u00e5nd f\u00f6r \u00f6verl\u00e4gsen s\u00e4kerhet.<strong>Q: Vilka typer av tr\u00e5dl\u00f6sa enheter kan integreras med PowerSeries?<\/strong>A: PowerSeries st\u00f6der en bred variation av tr\u00e5dl\u00f6sa enheter, inklusive detektorer, kameror och smarta hemtillbeh\u00f6r.<strong>Q: Vad inneb\u00e4r larmverifiering och varf\u00f6r \u00e4r det viktigt?<\/strong>A: Larmverifiering s\u00e4kerst\u00e4ller att varje larm \u00e4r \u00e4kta, vilket minskar falsklarm och ger snabbare och mer precisa svar fr\u00e5n s\u00e4kerhetssystemet.<strong>Q: Kan jag \u00f6vervaka och styra PowerSeries fr\u00e5n distans?<\/strong>A: Ja, den omfattande fj\u00e4rrtj\u00e4nstprogramvaran m\u00f6jligg\u00f6r \u00f6vervakning och styrning via en mobilapp eller dator var du \u00e4n \u00e4r.<strong>Q: \u00c4r PowerSeries\u00a0 l\u00e4mplig f\u00f6r b\u00e5de bost\u00e4der och f\u00f6retag?<\/strong>A: Ja, dess flexibilitet och skr\u00e4ddarsydda l\u00f6sningar g\u00f6r den idealisk f\u00f6r b\u00e5de bost\u00e4der och f\u00f6retag.<\/p>\n<h3><strong>Slutsats<\/strong><\/h3>\n<p>Med PowerSeries Neo DSC Paket f\u00e5r du inte bara en s\u00e4kerhetsl\u00f6sning; du f\u00e5r innovation, flexibilitet och \u00f6verl\u00e4gsen teknologi.Det \u00e4r s\u00e4kerhet p\u00e5 nya niv\u00e5e<\/p>\n","protected":false},"excerpt":{"rendered":"<p>DSC NEO hybridlarm &#8211; Mixa tr\u00e5dl\u00f6st och tr\u00e5dbundet som du vill med PowerG tr\u00e5dl\u00f6sa tillbeh\u00f6r &#8211; L\u00e4gsta pris !<\/p>","protected":false},"featured_media":85242,"template":"","meta":{"_acf_changed":false},"product_brand":[],"product_cat":[2787],"product_tag":[],"class_list":{"0":"post-85171","1":"product","2":"type-product","3":"status-publish","4":"has-post-thumbnail","6":"product_cat-dsc-neo-centralkit","7":"pa_brands-digital-security-controls","8":"tm-no-options","10":"first","11":"instock","12":"sale","13":"taxable","14":"shipping-taxable","15":"product-type-simple"},"acf":[],"_links":{"self":[{"href":"https:\/\/stonehouse.se\/en\/wp-json\/wp\/v2\/product\/85171","targetHints":{"allow":["GET"]}}],"collection":[{"href":"https:\/\/stonehouse.se\/en\/wp-json\/wp\/v2\/product"}],"about":[{"href":"https:\/\/stonehouse.se\/en\/wp-json\/wp\/v2\/types\/product"}],"wp:featuredmedia":[{"embeddable":true,"href":"https:\/\/stonehouse.se\/en\/wp-json\/wp\/v2\/media\/85242"}],"wp:attachment":[{"href":"https:\/\/stonehouse.se\/en\/wp-json\/wp\/v2\/media?parent=85171"}],"wp:term":[{"taxonomy":"product_brand","embeddable":true,"href":"https:\/\/stonehouse.se\/en\/wp-json\/wp\/v2\/product_brand?post=85171"},{"taxonomy":"product_cat","embeddable":true,"href":"https:\/\/stonehouse.se\/en\/wp-json\/wp\/v2\/product_cat?post=85171"},{"taxonomy":"product_tag","embeddable":true,"href":"https:\/\/stonehouse.se\/en\/wp-json\/wp\/v2\/product_tag?post=85171"}],"curies":[{"name":"wp","href":"https:\/\/api.w.org\/{rel}","templated":true}]}}