
{"id":85302,"date":"2022-06-28T11:37:42","date_gmt":"2022-06-28T09:37:42","guid":{"rendered":"https:\/\/stonehouse.se\/produkt\/utokningskort-rela-4-st\/"},"modified":"2026-04-08T16:39:23","modified_gmt":"2026-04-08T14:39:23","slug":"utokningskort-rela-4-st","status":"publish","type":"product","link":"https:\/\/stonehouse.se\/en\/product\/utokningskort-rela-4-st\/","title":{"rendered":"Ut\u00f6kningskort-Rel\u00e4 4 St"},"content":{"rendered":"<p>Rel\u00e4kort potentialfria utg\u00e5ngar f\u00f6r Advisor Advanced, kan ut\u00f6kas med 1 st ATS1810<\/p>","protected":false},"excerpt":{"rendered":"<p>Rel\u00e4kort potentialfria utg\u00e5ngar f\u00f6r Advisor Advanced, kan ut\u00f6kas med 1 st ATS1810<\/p>","protected":false},"featured_media":83672,"template":"","meta":{"_acf_changed":false},"product_brand":[],"product_cat":[3544],"product_tag":[],"class_list":{"0":"post-85302","1":"product","2":"type-product","3":"status-publish","4":"has-post-thumbnail","6":"product_cat-galaxy-honeywell","7":"product_shipping_class-tunga-paket","8":"pa_brands-aritech","9":"tm-no-options","11":"first","12":"instock","13":"sale","14":"taxable","15":"shipping-taxable","16":"product-type-simple"},"acf":[],"_links":{"self":[{"href":"https:\/\/stonehouse.se\/en\/wp-json\/wp\/v2\/product\/85302","targetHints":{"allow":["GET"]}}],"collection":[{"href":"https:\/\/stonehouse.se\/en\/wp-json\/wp\/v2\/product"}],"about":[{"href":"https:\/\/stonehouse.se\/en\/wp-json\/wp\/v2\/types\/product"}],"wp:featuredmedia":[{"embeddable":true,"href":"https:\/\/stonehouse.se\/en\/wp-json\/wp\/v2\/media\/83672"}],"wp:attachment":[{"href":"https:\/\/stonehouse.se\/en\/wp-json\/wp\/v2\/media?parent=85302"}],"wp:term":[{"taxonomy":"product_brand","embeddable":true,"href":"https:\/\/stonehouse.se\/en\/wp-json\/wp\/v2\/product_brand?post=85302"},{"taxonomy":"product_cat","embeddable":true,"href":"https:\/\/stonehouse.se\/en\/wp-json\/wp\/v2\/product_cat?post=85302"},{"taxonomy":"product_tag","embeddable":true,"href":"https:\/\/stonehouse.se\/en\/wp-json\/wp\/v2\/product_tag?post=85302"}],"curies":[{"name":"wp","href":"https:\/\/api.w.org\/{rel}","templated":true}]}}