
{"id":85303,"date":"2022-06-28T11:44:27","date_gmt":"2022-06-28T09:44:27","guid":{"rendered":"https:\/\/stonehouse.se\/produkt\/anslutningsenhet-e200\/"},"modified":"2026-04-08T16:50:23","modified_gmt":"2026-04-08T14:50:23","slug":"anslutningsenhet-e200","status":"publish","type":"product","link":"https:\/\/stonehouse.se\/en\/product\/anslutningsenhet-e200\/","title":{"rendered":"Anslutningsenhet E200"},"content":{"rendered":"<p>E200-enheten har 8 stycken ing\u00e5ngar, 8 stycken utg\u00e5ngar och ing\u00e5ngar f\u00f6r kortl\u00e4sare och knappsats. Ing\u00e5ngarna kan st\u00e4llas in f\u00f6r dubbellbalanserad larmslinga eller str\u00f6mslinga f\u00f6r direktanslutning av glaskross- eller branddetektorer. Utg\u00e5ngarna kan fritt programmeras f\u00f6r olika styrfunktioner. Levererar avs\u00e4krad lokal 12V eller matningssp\u00e4nning.<\/p>","protected":false},"excerpt":{"rendered":"<p>E200-enheten har 8 stycken ing\u00e5ngar, 8 stycken utg\u00e5ngar och ing\u00e5ngar f\u00f6r kortl\u00e4sare och knappsats. Ing\u00e5ngarna kan st\u00e4llas in f\u00f6r dubbellbalanserad<\/p>","protected":false},"featured_media":83605,"template":"","meta":{"_acf_changed":false},"product_brand":[],"product_cat":[3544],"product_tag":[],"class_list":{"0":"post-85303","1":"product","2":"type-product","3":"status-publish","4":"has-post-thumbnail","6":"product_cat-galaxy-honeywell","7":"product_shipping_class-tunga-paket","8":"tm-no-options","10":"first","11":"outofstock","12":"sale","13":"taxable","14":"shipping-taxable","15":"product-type-simple"},"acf":[],"_links":{"self":[{"href":"https:\/\/stonehouse.se\/en\/wp-json\/wp\/v2\/product\/85303","targetHints":{"allow":["GET"]}}],"collection":[{"href":"https:\/\/stonehouse.se\/en\/wp-json\/wp\/v2\/product"}],"about":[{"href":"https:\/\/stonehouse.se\/en\/wp-json\/wp\/v2\/types\/product"}],"wp:featuredmedia":[{"embeddable":true,"href":"https:\/\/stonehouse.se\/en\/wp-json\/wp\/v2\/media\/83605"}],"wp:attachment":[{"href":"https:\/\/stonehouse.se\/en\/wp-json\/wp\/v2\/media?parent=85303"}],"wp:term":[{"taxonomy":"product_brand","embeddable":true,"href":"https:\/\/stonehouse.se\/en\/wp-json\/wp\/v2\/product_brand?post=85303"},{"taxonomy":"product_cat","embeddable":true,"href":"https:\/\/stonehouse.se\/en\/wp-json\/wp\/v2\/product_cat?post=85303"},{"taxonomy":"product_tag","embeddable":true,"href":"https:\/\/stonehouse.se\/en\/wp-json\/wp\/v2\/product_tag?post=85303"}],"curies":[{"name":"wp","href":"https:\/\/api.w.org\/{rel}","templated":true}]}}