
{"id":85307,"date":"2022-06-28T11:37:27","date_gmt":"2022-06-28T09:37:27","guid":{"rendered":"https:\/\/stonehouse.se\/produkt\/larmdon-rela-konvert-galaxy\/"},"modified":"2026-04-08T16:44:33","modified_gmt":"2026-04-08T14:44:33","slug":"larmdon-rela-konvert-galaxy","status":"publish","type":"product","link":"https:\/\/stonehouse.se\/en\/product\/larmdon-rela-konvert-galaxy\/","title":{"rendered":"Larmdon\/Rel\u00e4 Konvert. Galaxy"},"content":{"rendered":"<p>Krestskort f\u00f6r inkoppling av Galaxy rel\u00e4kort f\u00f6r RIO eller Galaxy larmdons\u00f6vervakningskort. Triggning g\u00f6rs med en minus p\u00e5 IN 1-4 f\u00f6r att trigga utg\u00e5ngar p\u00e5 respektive kort. Kortet kan monteras med distanskit i Galaxy centralapparater men kan \u00e4ven monteras i en Galaxy RIO-kapsling.<\/p>","protected":false},"excerpt":{"rendered":"<p>Krestskort f\u00f6r inkoppling av Galaxy rel\u00e4kort f\u00f6r RIO eller Galaxy larmdons\u00f6vervakningskort. Triggning g\u00f6rs med en minus p\u00e5 IN 1-4 f\u00f6r<\/p>","protected":false},"featured_media":83799,"template":"","meta":{"_acf_changed":false},"product_brand":[],"product_cat":[3544],"product_tag":[],"class_list":{"0":"post-85307","1":"product","2":"type-product","3":"status-publish","4":"has-post-thumbnail","6":"product_cat-galaxy-honeywell","7":"product_shipping_class-tunga-paket","8":"pa_brands-honeywell","9":"tm-no-options","11":"first","12":"outofstock","13":"sale","14":"taxable","15":"shipping-taxable","16":"product-type-simple"},"acf":[],"_links":{"self":[{"href":"https:\/\/stonehouse.se\/en\/wp-json\/wp\/v2\/product\/85307","targetHints":{"allow":["GET"]}}],"collection":[{"href":"https:\/\/stonehouse.se\/en\/wp-json\/wp\/v2\/product"}],"about":[{"href":"https:\/\/stonehouse.se\/en\/wp-json\/wp\/v2\/types\/product"}],"wp:featuredmedia":[{"embeddable":true,"href":"https:\/\/stonehouse.se\/en\/wp-json\/wp\/v2\/media\/83799"}],"wp:attachment":[{"href":"https:\/\/stonehouse.se\/en\/wp-json\/wp\/v2\/media?parent=85307"}],"wp:term":[{"taxonomy":"product_brand","embeddable":true,"href":"https:\/\/stonehouse.se\/en\/wp-json\/wp\/v2\/product_brand?post=85307"},{"taxonomy":"product_cat","embeddable":true,"href":"https:\/\/stonehouse.se\/en\/wp-json\/wp\/v2\/product_cat?post=85307"},{"taxonomy":"product_tag","embeddable":true,"href":"https:\/\/stonehouse.se\/en\/wp-json\/wp\/v2\/product_tag?post=85307"}],"curies":[{"name":"wp","href":"https:\/\/api.w.org\/{rel}","templated":true}]}}