
{"id":85308,"date":"2022-06-28T11:37:46","date_gmt":"2022-06-28T09:37:46","guid":{"rendered":"https:\/\/stonehouse.se\/produkt\/4-g-larmsandare-till-advanced\/"},"modified":"2026-04-08T16:40:52","modified_gmt":"2026-04-08T14:40:52","slug":"4-g-larmsandare-till-advanced","status":"publish","type":"product","link":"https:\/\/stonehouse.se\/en\/product\/4-g-larmsandare-till-advanced\/","title":{"rendered":"4-G Larms\u00e4ndare Till Advanced"},"content":{"rendered":"<p>4G larms\u00e4ndare f\u00f6r Advisor advanced. P\u00e5litlig Cat-1 LTE-anslutning f\u00f6r 4G-n\u00e4tverk med 3G- och 2G-reserv. Cybers\u00e4ker design &#8211; b\u00e5de det nya modemet och modulens firmware har redesignats f\u00f6r att st\u00e5 emot moderna cybers\u00e4kerhetshot. Full larmrapportering via GSM &#8211; kan anv\u00e4ndas som en prim\u00e4r eller sekund\u00e4r rapporteringsv\u00e4g. Alla popul\u00e4ra rapporteringsformat tillg\u00e4ngliga, inklusive r\u00f6strapportering och ljudavlyssning. Digital codec-drivrutin f\u00f6rb\u00e4ttrar r\u00f6stkvaliteten avsev\u00e4rt vid r\u00f6strapportering. Dataanslutning f\u00f6r uppladdning och nedladdning kan anv\u00e4ndas f\u00f6r att ansluta till panelen via ATS85xx och Advisor Advanced App.<\/p>","protected":false},"excerpt":{"rendered":"<p>4G larms\u00e4ndare f\u00f6r Advisor advanced. P\u00e5litlig Cat-1 LTE-anslutning f\u00f6r 4G-n\u00e4tverk med 3G- och 2G-reserv. Cybers\u00e4ker design &#8211; b\u00e5de det nya<\/p>","protected":false},"featured_media":83787,"template":"","meta":{"_acf_changed":false},"product_brand":[],"product_cat":[3544],"product_tag":[],"class_list":{"0":"post-85308","1":"product","2":"type-product","3":"status-publish","4":"has-post-thumbnail","6":"product_cat-galaxy-honeywell","7":"product_shipping_class-tunga-paket","8":"pa_brands-aritech","9":"tm-no-options","11":"first","12":"outofstock","13":"sale","14":"taxable","15":"shipping-taxable","16":"product-type-simple"},"acf":[],"_links":{"self":[{"href":"https:\/\/stonehouse.se\/en\/wp-json\/wp\/v2\/product\/85308","targetHints":{"allow":["GET"]}}],"collection":[{"href":"https:\/\/stonehouse.se\/en\/wp-json\/wp\/v2\/product"}],"about":[{"href":"https:\/\/stonehouse.se\/en\/wp-json\/wp\/v2\/types\/product"}],"wp:featuredmedia":[{"embeddable":true,"href":"https:\/\/stonehouse.se\/en\/wp-json\/wp\/v2\/media\/83787"}],"wp:attachment":[{"href":"https:\/\/stonehouse.se\/en\/wp-json\/wp\/v2\/media?parent=85308"}],"wp:term":[{"taxonomy":"product_brand","embeddable":true,"href":"https:\/\/stonehouse.se\/en\/wp-json\/wp\/v2\/product_brand?post=85308"},{"taxonomy":"product_cat","embeddable":true,"href":"https:\/\/stonehouse.se\/en\/wp-json\/wp\/v2\/product_cat?post=85308"},{"taxonomy":"product_tag","embeddable":true,"href":"https:\/\/stonehouse.se\/en\/wp-json\/wp\/v2\/product_tag?post=85308"}],"curies":[{"name":"wp","href":"https:\/\/api.w.org\/{rel}","templated":true}]}}