
{"id":85310,"date":"2022-06-28T11:44:37","date_gmt":"2022-06-28T09:44:37","guid":{"rendered":"https:\/\/stonehouse.se\/produkt\/utokningskort-8-sekt-plug-on\/"},"modified":"2026-04-08T16:36:40","modified_gmt":"2026-04-08T14:36:40","slug":"utokningskort-8-sekt-plug-on","status":"publish","type":"product","link":"https:\/\/stonehouse.se\/en\/product\/utokningskort-8-sekt-plug-on\/","title":{"rendered":"Ut\u00f6kningskort 8 Sekt Plug-On"},"content":{"rendered":"<p>8 sektioners expansion, plug-on, Advisor Advanced. ATS608 \u00e4r ett ut\u00f6kningskort f\u00f6r 8 sektioner till Advisor Advanced centralapparater. F\u00f6r att spara utrymme i centralapparatens kapsling \u00e4r kortet utformats som ett Plug-in kort. Detta inneb\u00e4r att kortet placeras p\u00e5 centralkortet. Sektionerna konfigureras in i systemet efter att kortet har monterats.<\/p>","protected":false},"excerpt":{"rendered":"<p>8 sektioners expansion, plug-on, Advisor Advanced. ATS608 \u00e4r ett ut\u00f6kningskort f\u00f6r 8 sektioner till Advisor Advanced centralapparater. F\u00f6r att spara<\/p>","protected":false},"featured_media":83541,"template":"","meta":{"_acf_changed":false},"product_brand":[],"product_cat":[3544],"product_tag":[],"class_list":{"0":"post-85310","1":"product","2":"type-product","3":"status-publish","4":"has-post-thumbnail","6":"product_cat-galaxy-honeywell","7":"product_shipping_class-tunga-paket","8":"pa_brands-aritech","9":"tm-no-options","11":"first","12":"outofstock","13":"sale","14":"taxable","15":"shipping-taxable","16":"product-type-simple"},"acf":[],"_links":{"self":[{"href":"https:\/\/stonehouse.se\/en\/wp-json\/wp\/v2\/product\/85310","targetHints":{"allow":["GET"]}}],"collection":[{"href":"https:\/\/stonehouse.se\/en\/wp-json\/wp\/v2\/product"}],"about":[{"href":"https:\/\/stonehouse.se\/en\/wp-json\/wp\/v2\/types\/product"}],"wp:featuredmedia":[{"embeddable":true,"href":"https:\/\/stonehouse.se\/en\/wp-json\/wp\/v2\/media\/83541"}],"wp:attachment":[{"href":"https:\/\/stonehouse.se\/en\/wp-json\/wp\/v2\/media?parent=85310"}],"wp:term":[{"taxonomy":"product_brand","embeddable":true,"href":"https:\/\/stonehouse.se\/en\/wp-json\/wp\/v2\/product_brand?post=85310"},{"taxonomy":"product_cat","embeddable":true,"href":"https:\/\/stonehouse.se\/en\/wp-json\/wp\/v2\/product_cat?post=85310"},{"taxonomy":"product_tag","embeddable":true,"href":"https:\/\/stonehouse.se\/en\/wp-json\/wp\/v2\/product_tag?post=85310"}],"curies":[{"name":"wp","href":"https:\/\/api.w.org\/{rel}","templated":true}]}}