
{"id":85317,"date":"2022-06-28T11:37:48","date_gmt":"2022-06-28T09:37:48","guid":{"rendered":"https:\/\/stonehouse.se\/produkt\/spridningsplint-till-galaxy\/"},"modified":"2026-04-08T16:38:16","modified_gmt":"2026-04-08T14:38:16","slug":"spridningsplint-till-galaxy","status":"publish","type":"product","link":"https:\/\/stonehouse.se\/en\/product\/spridningsplint-till-galaxy\/","title":{"rendered":"Spridningsplint Till Galaxy"},"content":{"rendered":"<p>Best\u00e5r av 3st plintar f\u00f6r plusmatning (+) och 3st f\u00f6r minus (0V) DC. Vid leverans \u00e4r matningskabeln kortsluten med en bygel s\u00e5 att samtliga plintar \u00e4r sammankopplade. F\u00f6r att bryta kortslutningen beh\u00f6ver bygeln klippas. R\u00f6d kabel ansluts till plus (+) och svart kabel ansluts till minus (-). Medf\u00f6ljer 2 distanser (6x6mm M3) f\u00f6r att montera plinten i befintlig kapsling. Storlek p\u00e5 plint 52x18x16mm (LxBxH) exkl distanser.<\/p>","protected":false},"excerpt":{"rendered":"<p>Best\u00e5r av 3st plintar f\u00f6r plusmatning (+) och 3st f\u00f6r minus (0V) DC. Vid leverans \u00e4r matningskabeln kortsluten med en<\/p>","protected":false},"featured_media":83609,"template":"","meta":{"_acf_changed":false},"product_brand":[],"product_cat":[3544],"product_tag":[],"class_list":{"0":"post-85317","1":"product","2":"type-product","3":"status-publish","4":"has-post-thumbnail","6":"product_cat-galaxy-honeywell","7":"product_shipping_class-tunga-paket","8":"pa_brands-aritech","9":"tm-no-options","11":"first","12":"outofstock","13":"sale","14":"taxable","15":"shipping-taxable","16":"product-type-simple"},"acf":[],"_links":{"self":[{"href":"https:\/\/stonehouse.se\/en\/wp-json\/wp\/v2\/product\/85317","targetHints":{"allow":["GET"]}}],"collection":[{"href":"https:\/\/stonehouse.se\/en\/wp-json\/wp\/v2\/product"}],"about":[{"href":"https:\/\/stonehouse.se\/en\/wp-json\/wp\/v2\/types\/product"}],"wp:featuredmedia":[{"embeddable":true,"href":"https:\/\/stonehouse.se\/en\/wp-json\/wp\/v2\/media\/83609"}],"wp:attachment":[{"href":"https:\/\/stonehouse.se\/en\/wp-json\/wp\/v2\/media?parent=85317"}],"wp:term":[{"taxonomy":"product_brand","embeddable":true,"href":"https:\/\/stonehouse.se\/en\/wp-json\/wp\/v2\/product_brand?post=85317"},{"taxonomy":"product_cat","embeddable":true,"href":"https:\/\/stonehouse.se\/en\/wp-json\/wp\/v2\/product_cat?post=85317"},{"taxonomy":"product_tag","embeddable":true,"href":"https:\/\/stonehouse.se\/en\/wp-json\/wp\/v2\/product_tag?post=85317"}],"curies":[{"name":"wp","href":"https:\/\/api.w.org\/{rel}","templated":true}]}}