
{"id":85321,"date":"2022-06-28T11:45:43","date_gmt":"2022-06-28T09:45:43","guid":{"rendered":"https:\/\/stonehouse.se\/produkt\/larmdonskort-galaxy\/"},"modified":"2026-04-08T16:43:24","modified_gmt":"2026-04-08T14:43:24","slug":"larmdonskort-galaxy","status":"publish","type":"product","link":"https:\/\/stonehouse.se\/en\/product\/larmdonskort-galaxy\/","title":{"rendered":"Larmdonskort Galaxy"},"content":{"rendered":"<p>\u00d6vervakningskort f\u00f6r larmdon till Galaxy system som exempelvis \u00e4r byggda som kombilarm med inbrott och brand. L\u00e4tt att installera i orginal RIO-kapsling, m\u00f6jlighet till extern sp\u00e4nningsmatning.<\/p>","protected":false},"excerpt":{"rendered":"<p>\u00d6vervakningskort f\u00f6r larmdon till Galaxy system som exempelvis \u00e4r byggda som kombilarm med inbrott och brand. L\u00e4tt att installera i<\/p>","protected":false},"featured_media":83654,"template":"","meta":{"_acf_changed":false},"product_brand":[],"product_cat":[3544],"product_tag":[],"class_list":{"0":"post-85321","1":"product","2":"type-product","3":"status-publish","4":"has-post-thumbnail","6":"product_cat-galaxy-honeywell","7":"product_shipping_class-tunga-paket","8":"tm-no-options","10":"first","11":"instock","12":"sale","13":"taxable","14":"shipping-taxable","15":"product-type-simple"},"acf":[],"_links":{"self":[{"href":"https:\/\/stonehouse.se\/en\/wp-json\/wp\/v2\/product\/85321","targetHints":{"allow":["GET"]}}],"collection":[{"href":"https:\/\/stonehouse.se\/en\/wp-json\/wp\/v2\/product"}],"about":[{"href":"https:\/\/stonehouse.se\/en\/wp-json\/wp\/v2\/types\/product"}],"wp:featuredmedia":[{"embeddable":true,"href":"https:\/\/stonehouse.se\/en\/wp-json\/wp\/v2\/media\/83654"}],"wp:attachment":[{"href":"https:\/\/stonehouse.se\/en\/wp-json\/wp\/v2\/media?parent=85321"}],"wp:term":[{"taxonomy":"product_brand","embeddable":true,"href":"https:\/\/stonehouse.se\/en\/wp-json\/wp\/v2\/product_brand?post=85321"},{"taxonomy":"product_cat","embeddable":true,"href":"https:\/\/stonehouse.se\/en\/wp-json\/wp\/v2\/product_cat?post=85321"},{"taxonomy":"product_tag","embeddable":true,"href":"https:\/\/stonehouse.se\/en\/wp-json\/wp\/v2\/product_tag?post=85321"}],"curies":[{"name":"wp","href":"https:\/\/api.w.org\/{rel}","templated":true}]}}