
{"id":85322,"date":"2022-06-28T11:47:01","date_gmt":"2022-06-28T09:47:01","guid":{"rendered":"https:\/\/stonehouse.se\/produkt\/kvitteringsenhet-rs485\/"},"modified":"2026-04-08T16:57:36","modified_gmt":"2026-04-08T14:57:36","slug":"kvitteringsenhet-rs485","status":"publish","type":"product","link":"https:\/\/stonehouse.se\/en\/product\/kvitteringsenhet-rs485\/","title":{"rendered":"Kvitteringsenhet Rs485"},"content":{"rendered":"<p>Separat enhet, som vid utl\u00f6st brandlarm i en Galaxy, enkelt kan tysta larmdon genom ett tryck p\u00e5 knappen \u201cLarmdon tyst\u201d. Detta betyder att man ej beh\u00f6ver g\u00f6ra n\u00e5gon man\u00f6ver p\u00e5 man\u00f6verpanelen MK7. \u00c5terst\u00e4llning g\u00f6rs efter unders\u00f6kningen av orsaken till det utl\u00f6sta larmet, genom ett tryck p\u00e5 knappen \u201c\u00c5terst\u00e4llning\u201d. Utl\u00f6st brand indikeras p\u00e5 enheten och i MK7 displayen. Kan enbart anv\u00e4ndas till 176-91, kommunicerar via RS485 fr\u00e5n FRIO.<\/p>","protected":false},"excerpt":{"rendered":"<p>Separat enhet, som vid utl\u00f6st brandlarm i en Galaxy, enkelt kan tysta larmdon genom ett tryck p\u00e5 knappen \u201cLarmdon tyst\u201d.<\/p>","protected":false},"featured_media":84029,"template":"","meta":{"_acf_changed":false},"product_brand":[],"product_cat":[3544],"product_tag":[],"class_list":{"0":"post-85322","1":"product","2":"type-product","3":"status-publish","4":"has-post-thumbnail","6":"product_cat-galaxy-honeywell","7":"product_shipping_class-tunga-paket","8":"pa_brands-honeywell","9":"pa_farg-vit","10":"tm-no-options","12":"first","13":"outofstock","14":"sale","15":"taxable","16":"shipping-taxable","17":"product-type-simple"},"acf":[],"_links":{"self":[{"href":"https:\/\/stonehouse.se\/en\/wp-json\/wp\/v2\/product\/85322","targetHints":{"allow":["GET"]}}],"collection":[{"href":"https:\/\/stonehouse.se\/en\/wp-json\/wp\/v2\/product"}],"about":[{"href":"https:\/\/stonehouse.se\/en\/wp-json\/wp\/v2\/types\/product"}],"wp:featuredmedia":[{"embeddable":true,"href":"https:\/\/stonehouse.se\/en\/wp-json\/wp\/v2\/media\/84029"}],"wp:attachment":[{"href":"https:\/\/stonehouse.se\/en\/wp-json\/wp\/v2\/media?parent=85322"}],"wp:term":[{"taxonomy":"product_brand","embeddable":true,"href":"https:\/\/stonehouse.se\/en\/wp-json\/wp\/v2\/product_brand?post=85322"},{"taxonomy":"product_cat","embeddable":true,"href":"https:\/\/stonehouse.se\/en\/wp-json\/wp\/v2\/product_cat?post=85322"},{"taxonomy":"product_tag","embeddable":true,"href":"https:\/\/stonehouse.se\/en\/wp-json\/wp\/v2\/product_tag?post=85322"}],"curies":[{"name":"wp","href":"https:\/\/api.w.org\/{rel}","templated":true}]}}