
{"id":85739,"date":"2024-12-28T13:32:01","date_gmt":"2024-12-28T12:32:01","guid":{"rendered":"https:\/\/stonehouse.se\/produkt\/5-pack-cat5e-patchkabel-rj45-1meter-gra\/"},"modified":"2025-12-31T21:36:18","modified_gmt":"2025-12-31T20:36:18","slug":"5-pack-cat5e-patchkabel-rj45-1meter-gra","status":"publish","type":"product","link":"https:\/\/stonehouse.se\/en\/product\/5-pack-cat5e-patchkabel-rj45-1meter-gra\/","title":{"rendered":"5-pack CAT5e Patchkabel, RJ45, 1meter, gr\u00e5"},"content":{"rendered":"<ul>\n<li>Ger dig snabb och s\u00e4ker \u00e5tkomst till alla n\u00e4tverksdata<\/li>\n<li>Funktioner Kategori 5e kabeltyp<\/li>\n<li>1M<\/li>\n<li>Gr\u00e5<\/li>\n<li>5 f\u00f6rpackningar<\/li>\n<li>Anti Snag<\/li>\n<\/ul>","protected":false},"excerpt":{"rendered":"<ul class=\"mainfeatureslist\">\n<li>Ger dig snabb och s\u00e4ker \u00e5tkomst till alla n\u00e4tverksdata<\/li>\n<li>Funktioner Kategori 5e kabeltyp<\/li>\n<li>1M<\/li>\n<\/ul>","protected":false},"featured_media":85740,"template":"","meta":{"_acf_changed":false},"product_brand":[],"product_cat":[2751],"product_tag":[],"class_list":{"0":"post-85739","1":"product","2":"type-product","3":"status-publish","4":"has-post-thumbnail","6":"product_cat-natverkskabel","7":"product_shipping_class-postnord-varubrev","8":"tm-no-options","10":"first","11":"instock","12":"taxable","13":"shipping-taxable","14":"product-type-simple"},"acf":[],"_links":{"self":[{"href":"https:\/\/stonehouse.se\/en\/wp-json\/wp\/v2\/product\/85739","targetHints":{"allow":["GET"]}}],"collection":[{"href":"https:\/\/stonehouse.se\/en\/wp-json\/wp\/v2\/product"}],"about":[{"href":"https:\/\/stonehouse.se\/en\/wp-json\/wp\/v2\/types\/product"}],"wp:featuredmedia":[{"embeddable":true,"href":"https:\/\/stonehouse.se\/en\/wp-json\/wp\/v2\/media\/85740"}],"wp:attachment":[{"href":"https:\/\/stonehouse.se\/en\/wp-json\/wp\/v2\/media?parent=85739"}],"wp:term":[{"taxonomy":"product_brand","embeddable":true,"href":"https:\/\/stonehouse.se\/en\/wp-json\/wp\/v2\/product_brand?post=85739"},{"taxonomy":"product_cat","embeddable":true,"href":"https:\/\/stonehouse.se\/en\/wp-json\/wp\/v2\/product_cat?post=85739"},{"taxonomy":"product_tag","embeddable":true,"href":"https:\/\/stonehouse.se\/en\/wp-json\/wp\/v2\/product_tag?post=85739"}],"curies":[{"name":"wp","href":"https:\/\/api.w.org\/{rel}","templated":true}]}}