
{"id":86019,"date":"2025-01-09T14:37:23","date_gmt":"2025-01-09T13:37:23","guid":{"rendered":"https:\/\/stonehouse.se\/produkt\/risco-rvdba701000a-video-dorrklocka-kit-ip-wi-fi-radio-868mhz\/"},"modified":"2026-04-09T11:32:44","modified_gmt":"2026-04-09T09:32:44","slug":"risco-video-dorrklocka-kit-ip-wi-fi-radio-868mhz-rvdba701000a","status":"publish","type":"product","link":"https:\/\/stonehouse.se\/en\/product\/risco-video-dorrklocka-kit-ip-wi-fi-radio-868mhz-rvdba701000a\/","title":{"rendered":"RISCO Video D\u00f6rrklocka Kit IP\/Wi-Fi Radio 868MHz RVDBA701000A"},"content":{"rendered":"<h1>RISCO Video D\u00f6rrklocka Kit IP\/Wi-Fi Radio 868MHz RVDBA701000A<\/h1>\n<p data-start=\"492\" data-end=\"957\">RISCO RVDBA701000A Video D\u00f6rrklocka Kit \u00e4r utformat f\u00f6r att ge b\u00e5de s\u00e4kerhet och bekv\u00e4mlighet f\u00f6r anv\u00e4ndare, och \u00e4r en perfekt l\u00f6sning f\u00f6r att h\u00e5lla koll p\u00e5 vad som h\u00e4nder vid ytterd\u00f6rren.<\/p>\n<p data-start=\"492\" data-end=\"957\">Den \u00e4r helt integrerad med RISCO Cloud och fungerar som ett komplement till RISCOs larmsystem och VUpoint Video Solution.<\/p>\n<p data-start=\"492\" data-end=\"957\">Denna avancerade videod\u00f6rrklocka g\u00f6r det m\u00f6jligt f\u00f6r anv\u00e4ndarna att interagera med bes\u00f6kare n\u00e4r som helst via en smartphone-app, \u00e4ven om de inte \u00e4r hemma.<\/p>\n<p data-start=\"959\" data-end=\"1316\">Med en h\u00f6guppl\u00f6st kamera som erbjuder en betraktningsvinkel p\u00e5 140\u00b0, kan anv\u00e4ndarna se sina bes\u00f6kare tydligt och kommunicera direkt genom den inbyggda mikrofonen och h\u00f6gtalaren.<\/p>\n<p data-start=\"959\" data-end=\"1316\">Detta m\u00f6jligg\u00f6r en s\u00f6ml\u00f6s tv\u00e5v\u00e4gskommunikation i realtid.<\/p>\n<p data-start=\"959\" data-end=\"1316\">D\u00f6rrklockan \u00e4r ocks\u00e5 utrustad med infrar\u00f6da lysdioder, vilket g\u00f6r att anv\u00e4ndarna kan f\u00e5 tydliga bilder \u00e4ven i svagt ljus.<\/p>\n<p data-start=\"1318\" data-end=\"1686\">Videod\u00f6rrklockan \u00e4r enkel att installera och kan snabbt konfigureras med hj\u00e4lp av RISCO Cloud Installer Admin-gr\u00e4nssnittet och HandyApp.<\/p>\n<p data-start=\"1318\" data-end=\"1686\">Installat\u00f6rer kan anv\u00e4nda de befintliga d\u00f6rrklockledningarna f\u00f6r en enkel och snabb installation.<\/p>\n<p data-start=\"1318\" data-end=\"1686\">Slutanv\u00e4ndarna f\u00e5r realtidsaviseringar direkt i sin iRISCO-app, vilket inneb\u00e4r att de inte missar n\u00e5got viktigt n\u00e4r de inte \u00e4r hemma.<\/p>\n<p data-start=\"1688\" data-end=\"1953\">En ytterligare s\u00e4kerhetsfunktion \u00e4r r\u00f6relsedetekteringen, som automatiskt skickar meddelanden till anv\u00e4ndarens enhet n\u00e4r r\u00f6relse uppt\u00e4cks n\u00e4ra ytterd\u00f6rren.<\/p>\n<p data-start=\"1688\" data-end=\"1953\">Detta g\u00f6r att anv\u00e4ndare kan vara medvetna om alla r\u00f6relser vid sin d\u00f6rr, \u00e4ven om ingen ringer p\u00e5 d\u00f6rrklockan.<\/p>\n<p data-start=\"1955\" data-end=\"2228\">RISCO Video D\u00f6rrklocka Kit ger en komplett l\u00f6sning f\u00f6r s\u00e4kerhet och kommunikation och \u00e4r perfekt f\u00f6r b\u00e5de hem- och f\u00f6retagsanv\u00e4ndning.<\/p>\n<p data-start=\"1955\" data-end=\"2228\">Med dess moderna design och anv\u00e4ndarv\u00e4nliga funktioner, f\u00e5r anv\u00e4ndarna ett effektivt verktyg f\u00f6r att \u00f6vervaka och interagera med bes\u00f6kare.<\/p>","protected":false},"excerpt":{"rendered":"<p>RISCO RVDBA701000A Video D\u00f6rrklocka Kit \u00e4r en h\u00f6gteknologisk enhet som f\u00f6rb\u00e4ttrar s\u00e4kerheten och bekv\u00e4mligheten f\u00f6r hem- och f\u00f6retags\u00e4gare.<\/p>\n<p>Genom att anv\u00e4nda RISCO Cloud och iRISCO-app, kan anv\u00e4ndare svara p\u00e5 videosamtal och kommunicera med bes\u00f6kare fr\u00e5n var som helst, n\u00e4r som helst.<\/p>","protected":false},"featured_media":86018,"template":"","meta":{"_acf_changed":false},"product_brand":[],"product_cat":[2724],"product_tag":[],"class_list":{"0":"post-86019","1":"product","2":"type-product","3":"status-publish","4":"has-post-thumbnail","6":"product_cat-ip-kamera-nvr","7":"pa_brands-4risco","8":"tm-no-options","10":"first","11":"instock","12":"sale","13":"taxable","14":"shipping-taxable","15":"product-type-simple"},"acf":[],"_links":{"self":[{"href":"https:\/\/stonehouse.se\/en\/wp-json\/wp\/v2\/product\/86019","targetHints":{"allow":["GET"]}}],"collection":[{"href":"https:\/\/stonehouse.se\/en\/wp-json\/wp\/v2\/product"}],"about":[{"href":"https:\/\/stonehouse.se\/en\/wp-json\/wp\/v2\/types\/product"}],"wp:featuredmedia":[{"embeddable":true,"href":"https:\/\/stonehouse.se\/en\/wp-json\/wp\/v2\/media\/86018"}],"wp:attachment":[{"href":"https:\/\/stonehouse.se\/en\/wp-json\/wp\/v2\/media?parent=86019"}],"wp:term":[{"taxonomy":"product_brand","embeddable":true,"href":"https:\/\/stonehouse.se\/en\/wp-json\/wp\/v2\/product_brand?post=86019"},{"taxonomy":"product_cat","embeddable":true,"href":"https:\/\/stonehouse.se\/en\/wp-json\/wp\/v2\/product_cat?post=86019"},{"taxonomy":"product_tag","embeddable":true,"href":"https:\/\/stonehouse.se\/en\/wp-json\/wp\/v2\/product_tag?post=86019"}],"curies":[{"name":"wp","href":"https:\/\/api.w.org\/{rel}","templated":true}]}}