
{"id":86023,"date":"2025-01-09T18:02:10","date_gmt":"2025-01-09T17:02:10","guid":{"rendered":"https:\/\/stonehouse.se\/produkt\/passerkort-rfid-kort-kombi-em4200-mifare1k-assa-arx-print\/"},"modified":"2026-04-07T12:47:56","modified_gmt":"2026-04-07T10:47:56","slug":"passerkort-rfid-kort-kombi-em4200-mifare1k-assa-arx-print","status":"publish","type":"product","link":"https:\/\/stonehouse.se\/en\/product\/passerkort-rfid-kort-kombi-em4200-mifare1k-assa-arx-print\/","title":{"rendered":"Passerkort &#8211; RFID kort &#8211; Kombi EM4200 \/ MIFARE1k &#8211; ASSA\/ARX Print"},"content":{"rendered":"<p>Kortet har ASSA\/ARX nummer f\u00f6r EM4200 graverade p\u00e5 sig. Man m\u00e5ste inte nyttja siffrorna.<\/p>\n<p>EM4200\/Mifare1k chip kombinerat i ett kort!<\/p>\n<p><span data-teams=\"true\">Denna produkt har certifierat chip fr\u00e5n NXP\u00ae som \u00e4r ett globalt teknikf\u00f6retag med huvudkontor i Holland. NXP\u00ae specialiserar sig p\u00e5 RFID och NFC och erbjuder en rad produkter inom s\u00e4kerhet, anslutning och inbyggda l\u00f6sningar<\/span><\/p>","protected":false},"excerpt":{"rendered":"<p>EM4200\/Mifare1k chip kombinerat i ett kort!<\/p>","protected":false},"featured_media":86022,"template":"","meta":{"_acf_changed":false},"product_brand":[],"product_cat":[352,3433],"product_tag":[],"class_list":{"0":"post-86023","1":"product","2":"type-product","3":"status-publish","4":"has-post-thumbnail","6":"product_cat-outlet","7":"product_cat-mifare1kem4200-kombinerade","8":"product_shipping_class-postnord-varubrev","9":"pa_brands-stonehouse-security","10":"tm-no-options","12":"first","13":"instock","14":"sale","15":"taxable","16":"shipping-taxable","17":"product-type-simple"},"acf":[],"_links":{"self":[{"href":"https:\/\/stonehouse.se\/en\/wp-json\/wp\/v2\/product\/86023","targetHints":{"allow":["GET"]}}],"collection":[{"href":"https:\/\/stonehouse.se\/en\/wp-json\/wp\/v2\/product"}],"about":[{"href":"https:\/\/stonehouse.se\/en\/wp-json\/wp\/v2\/types\/product"}],"wp:featuredmedia":[{"embeddable":true,"href":"https:\/\/stonehouse.se\/en\/wp-json\/wp\/v2\/media\/86022"}],"wp:attachment":[{"href":"https:\/\/stonehouse.se\/en\/wp-json\/wp\/v2\/media?parent=86023"}],"wp:term":[{"taxonomy":"product_brand","embeddable":true,"href":"https:\/\/stonehouse.se\/en\/wp-json\/wp\/v2\/product_brand?post=86023"},{"taxonomy":"product_cat","embeddable":true,"href":"https:\/\/stonehouse.se\/en\/wp-json\/wp\/v2\/product_cat?post=86023"},{"taxonomy":"product_tag","embeddable":true,"href":"https:\/\/stonehouse.se\/en\/wp-json\/wp\/v2\/product_tag?post=86023"}],"curies":[{"name":"wp","href":"https:\/\/api.w.org\/{rel}","templated":true}]}}