
{"id":86028,"date":"2025-01-09T18:18:16","date_gmt":"2025-01-09T17:18:16","guid":{"rendered":"https:\/\/stonehouse.se\/produkt\/plastkort-premium-kombi-em4200mifare1k-med-magnet-hico\/"},"modified":"2025-12-31T21:39:42","modified_gmt":"2025-12-31T20:39:42","slug":"plastkort-premium-kombi-em4200mifare1k-med-magnet-hico","status":"publish","type":"product","link":"https:\/\/stonehouse.se\/en\/product\/plastkort-premium-kombi-em4200mifare1k-med-magnet-hico\/","title":{"rendered":"Plastkort Premium Kombi EM4200+Mifare1k med Magnet HiCo"},"content":{"rendered":"<p>Extra h\u00f6g kvalitetskort tillverkat i Sverige med matt snygg finish som passar bra om du vill ha tryck och bilder f\u00f6r ditt f\u00f6retag p\u00e5 kortet.<\/p>\n<p>Kortet \u00e4r ocks\u00e5 avsett f\u00f6r dig som kr\u00e4ver lite mer av utseendet och extra bra kvalite j\u00e4mf\u00f6rt med standard PVC plastkort.<\/p>\n<p>RFID kombikort med EM4200 och Mifare1k chip &#8211; HiCo magnetremsa.<\/p>\n<p>PMM + RCO nummer f\u00f6r EM.<\/p>\n<p>Magnetremsan \u00e4r kodad med RCO samma kod som st\u00e5r p\u00e5 kortet<\/p>\n<p>Ny version med nytt kort\u00e4mne, f\u00f6retagskort med h\u00f6g kvalit\u00e9<\/p>","protected":false},"excerpt":{"rendered":"<p>Kortet \u00e4r ocks\u00e5 avsett f\u00f6r dig som kr\u00e4ver lite mer av utseendet och extra bra kvalite j\u00e4mf\u00f6rt med standard PVC plastkort.<\/p>","protected":false},"featured_media":86026,"template":"","meta":{"_acf_changed":false},"product_brand":[],"product_cat":[352,3437,3433],"product_tag":[],"class_list":{"0":"post-86028","1":"product","2":"type-product","3":"status-publish","4":"has-post-thumbnail","6":"product_cat-outlet","7":"product_cat-magnetkort","8":"product_cat-mifare1kem4200-kombinerade","9":"pa_brands-stonehouse-security","10":"tm-no-options","12":"first","13":"instock","14":"sale","15":"taxable","16":"shipping-taxable","17":"product-type-simple"},"acf":[],"_links":{"self":[{"href":"https:\/\/stonehouse.se\/en\/wp-json\/wp\/v2\/product\/86028","targetHints":{"allow":["GET"]}}],"collection":[{"href":"https:\/\/stonehouse.se\/en\/wp-json\/wp\/v2\/product"}],"about":[{"href":"https:\/\/stonehouse.se\/en\/wp-json\/wp\/v2\/types\/product"}],"wp:featuredmedia":[{"embeddable":true,"href":"https:\/\/stonehouse.se\/en\/wp-json\/wp\/v2\/media\/86026"}],"wp:attachment":[{"href":"https:\/\/stonehouse.se\/en\/wp-json\/wp\/v2\/media?parent=86028"}],"wp:term":[{"taxonomy":"product_brand","embeddable":true,"href":"https:\/\/stonehouse.se\/en\/wp-json\/wp\/v2\/product_brand?post=86028"},{"taxonomy":"product_cat","embeddable":true,"href":"https:\/\/stonehouse.se\/en\/wp-json\/wp\/v2\/product_cat?post=86028"},{"taxonomy":"product_tag","embeddable":true,"href":"https:\/\/stonehouse.se\/en\/wp-json\/wp\/v2\/product_tag?post=86028"}],"curies":[{"name":"wp","href":"https:\/\/api.w.org\/{rel}","templated":true}]}}