
{"id":86039,"date":"2025-01-09T18:51:03","date_gmt":"2025-01-09T17:51:03","guid":{"rendered":"https:\/\/stonehouse.se\/produkt\/aptus-passerkort-mifare1k-classic-aptus-nummer\/"},"modified":"2025-12-31T21:46:01","modified_gmt":"2025-12-31T20:46:01","slug":"aptus-passerkort-mifare1k-classic-aptus-nummer","status":"publish","type":"product","link":"https:\/\/stonehouse.se\/en\/product\/aptus-passerkort-mifare1k-classic-aptus-nummer\/","title":{"rendered":"Passerkort MIFARE1k Classic\u00ae \u2013 Aptus printade nummer"},"content":{"rendered":"<p>Kortet har Aptus nummer f\u00f6r mifare graverade p\u00e5 sig. Man m\u00e5ste inte nyttja siffrorna.<\/p>\n<p><span data-teams=\"true\">Denna produkt har certifierat chip fr\u00e5n NXP\u00ae som \u00e4r ett globalt teknikf\u00f6retag med huvudkontor i Holland. NXP\u00ae specialiserar sig p\u00e5 RFID och NFC och erbjuder en rad produkter inom s\u00e4kerhet, anslutning och inbyggda l\u00f6sningar<\/span><\/p>","protected":false},"excerpt":{"rendered":"<p><span data-teams=\"true\">Denna produkt har certifierat chip fr\u00e5n NXP\u00ae. <\/span>Kortet har Aptus nummer f\u00f6r mifare graverade p\u00e5 sig. Man m\u00e5ste inte nyttja siffrorna.<\/p>","protected":false},"featured_media":86035,"template":"","meta":{"_acf_changed":false},"product_brand":[],"product_cat":[3434,352],"product_tag":[],"class_list":{"0":"post-86039","1":"product","2":"type-product","3":"status-publish","4":"has-post-thumbnail","6":"product_cat-mifare-classic-1k","7":"product_cat-outlet","8":"pa_brands-stonehouse-security","9":"tm-no-options","11":"first","12":"instock","13":"sale","14":"taxable","15":"shipping-taxable","16":"product-type-simple"},"acf":[],"_links":{"self":[{"href":"https:\/\/stonehouse.se\/en\/wp-json\/wp\/v2\/product\/86039","targetHints":{"allow":["GET"]}}],"collection":[{"href":"https:\/\/stonehouse.se\/en\/wp-json\/wp\/v2\/product"}],"about":[{"href":"https:\/\/stonehouse.se\/en\/wp-json\/wp\/v2\/types\/product"}],"wp:featuredmedia":[{"embeddable":true,"href":"https:\/\/stonehouse.se\/en\/wp-json\/wp\/v2\/media\/86035"}],"wp:attachment":[{"href":"https:\/\/stonehouse.se\/en\/wp-json\/wp\/v2\/media?parent=86039"}],"wp:term":[{"taxonomy":"product_brand","embeddable":true,"href":"https:\/\/stonehouse.se\/en\/wp-json\/wp\/v2\/product_brand?post=86039"},{"taxonomy":"product_cat","embeddable":true,"href":"https:\/\/stonehouse.se\/en\/wp-json\/wp\/v2\/product_cat?post=86039"},{"taxonomy":"product_tag","embeddable":true,"href":"https:\/\/stonehouse.se\/en\/wp-json\/wp\/v2\/product_tag?post=86039"}],"curies":[{"name":"wp","href":"https:\/\/api.w.org\/{rel}","templated":true}]}}