
{"id":86061,"date":"2025-01-10T15:11:59","date_gmt":"2025-01-10T14:11:59","guid":{"rendered":"https:\/\/stonehouse.se\/?post_type=product&#038;p=86061"},"modified":"2025-12-31T21:46:38","modified_gmt":"2025-12-31T20:46:38","slug":"lanyard-9-mm-med-sakerhetsknappe-och-sportfaste-svart","status":"publish","type":"product","link":"https:\/\/stonehouse.se\/en\/product\/lanyard-9-mm-med-sakerhetsknappe-och-sportfaste-svart\/","title":{"rendered":"Lanyard, 9 mm med s\u00e4kerhetskn\u00e4ppe och Sportf\u00e4ste &#8211; Svart"},"content":{"rendered":"","protected":false},"excerpt":{"rendered":"<p>Monterat s\u00e4kerhetskn\u00e4ppe samt valfritt f\u00e4ste<br \/>\nBredd: 9 mm<br \/>\nL\u00e4ngd: 90 cm<br \/>\nMaterial: Polyester<\/p>","protected":false},"featured_media":86060,"template":"","meta":{"_acf_changed":false},"product_brand":[],"product_cat":[599],"product_tag":[],"class_list":{"0":"post-86061","1":"product","2":"type-product","3":"status-publish","4":"has-post-thumbnail","6":"product_cat-nyckelband","7":"product_shipping_class-tunga-paket","8":"tm-no-options","10":"first","11":"instock","12":"taxable","13":"shipping-taxable","14":"product-type-simple"},"acf":[],"_links":{"self":[{"href":"https:\/\/stonehouse.se\/en\/wp-json\/wp\/v2\/product\/86061","targetHints":{"allow":["GET"]}}],"collection":[{"href":"https:\/\/stonehouse.se\/en\/wp-json\/wp\/v2\/product"}],"about":[{"href":"https:\/\/stonehouse.se\/en\/wp-json\/wp\/v2\/types\/product"}],"wp:featuredmedia":[{"embeddable":true,"href":"https:\/\/stonehouse.se\/en\/wp-json\/wp\/v2\/media\/86060"}],"wp:attachment":[{"href":"https:\/\/stonehouse.se\/en\/wp-json\/wp\/v2\/media?parent=86061"}],"wp:term":[{"taxonomy":"product_brand","embeddable":true,"href":"https:\/\/stonehouse.se\/en\/wp-json\/wp\/v2\/product_brand?post=86061"},{"taxonomy":"product_cat","embeddable":true,"href":"https:\/\/stonehouse.se\/en\/wp-json\/wp\/v2\/product_cat?post=86061"},{"taxonomy":"product_tag","embeddable":true,"href":"https:\/\/stonehouse.se\/en\/wp-json\/wp\/v2\/product_tag?post=86061"}],"curies":[{"name":"wp","href":"https:\/\/api.w.org\/{rel}","templated":true}]}}