
{"id":86167,"date":"2025-01-22T17:22:40","date_gmt":"2025-01-22T16:22:40","guid":{"rendered":"https:\/\/stonehouse.se\/produkt\/blixt-vxb-1evad-en54-sb-rb-rf\/"},"modified":"2026-04-08T16:38:28","modified_gmt":"2026-04-08T14:38:28","slug":"blixt-vxb-1evad-en54-sb-rb-rf","status":"publish","type":"product","link":"https:\/\/stonehouse.se\/en\/product\/blixt-vxb-1evad-en54-sb-rb-rf\/","title":{"rendered":"BLIXT VXB-1EVAD EN54 SB RB RF"},"content":{"rendered":"<h1>BLIXT VXB-1EVAD EN54 SB RB RF<\/h1>\n<p data-start=\"167\" data-end=\"286\"><span class=\"relative -mx-px my-[-0.2rem] rounded px-px py-[0.2rem]\">VXB-1EVAD 2.4-7 \u00e4r ett h\u00f6gkvalitativt v\u00e4ggmonterat blixtljus som uppfyller EN54-23-standarden, vilket s\u00e4kerst\u00e4ller p\u00e5litlig och effektiv visuell signalering i olika milj\u00f6er.<\/span><\/p>\n<p data-start=\"167\" data-end=\"286\"><span class=\"relative -mx-px my-[-0.2rem] rounded px-px py-[0.2rem]\">Med sin r\u00f6da l\u00e5g sockel och r\u00f6d blixt erbjuder det b\u00e5de estetik och funktionalitet.<\/span>\u200b<\/p>\n<p data-start=\"288\" data-end=\"336\"><strong data-start=\"288\" data-end=\"336\">Flexibla inst\u00e4llningar f\u00f6r optimal prestanda<\/strong><\/p>\n<p data-start=\"338\" data-end=\"457\"><span class=\"relative -mx-px my-[-0.2rem] rounded px-px py-[0.2rem]\">En av de framst\u00e5ende egenskaperna hos VXB-1EVAD 2.4-7 \u00e4r dess justerbara blixtfrekvens.<\/span> <span class=\"relative -mx-px my-[-0.2rem] rounded px-px py-[0.2rem]\">Standardinst\u00e4llningen \u00e4r 1 Hz, men det finns m\u00f6jlighet att justera till 0,5 Hz via DIL-brytare, vilket m\u00f6jligg\u00f6r anpassning f\u00f6r att uppfylla specifika krav och minska str\u00f6mf\u00f6rbrukningen ytterligare.<\/span>\u200b<\/p>\n<p data-start=\"459\" data-end=\"494\"><strong data-start=\"459\" data-end=\"494\">Effektiv och p\u00e5litlig prestanda<\/strong><\/p>\n<p data-start=\"496\" data-end=\"619\"><span class=\"relative -mx-px my-[-0.2rem] rounded px-px py-[0.2rem]\">VXB-1EVAD 2.4-7 \u00e4r utformad f\u00f6r att erbjuda p\u00e5litlig prestanda med en str\u00f6mf\u00f6rs\u00f6rjning p\u00e5 18\u201330 V DC.<\/span> <span class=\"relative -mx-px my-[-0.2rem] rounded px-px py-[0.2rem]\">Vid 24 V DC \u00e4r str\u00f6mf\u00f6rbrukningen 25 mA, vilket g\u00f6r enheten energieffektiv och kostnadseffektiv \u00f6ver tid.<\/span>\u200b<\/p>\n<p data-start=\"621\" data-end=\"656\"><strong data-start=\"621\" data-end=\"656\">Robust design f\u00f6r olika milj\u00f6er<\/strong><\/p>\n<p data-start=\"658\" data-end=\"823\"><span class=\"relative -mx-px my-[-0.2rem] rounded px-px py-[0.2rem]\">Den robusta designen hos VXB-1EVAD 2.4-7 g\u00f6r den l\u00e4mplig f\u00f6r en m\u00e4ngd olika installationsmilj\u00f6er.<\/span><\/p>\n<p data-start=\"658\" data-end=\"823\"><span class=\"relative -mx-px my-[-0.2rem] rounded px-px py-[0.2rem]\">Med en IP21C-klassificering f\u00f6r l\u00e5g sockelversionen \u00e4r den skyddad mot intr\u00e4ngning av fasta f\u00f6rem\u00e5l st\u00f6rre \u00e4n 12 mm och droppande vatten, vilket g\u00f6r den idealisk f\u00f6r inomhusbruk.<\/span><\/p>\n<p data-start=\"658\" data-end=\"823\"><span class=\"relative -mx-px my-[-0.2rem] rounded px-px py-[0.2rem]\">F\u00f6r mer kr\u00e4vande milj\u00f6er finns det \u00e4ven djup sockelversioner med h\u00f6gre IP-klassificeringar.<\/span>\u200b<\/p>\n<p data-start=\"825\" data-end=\"854\"><strong data-start=\"825\" data-end=\"854\">Tekniska specifikationer:<\/strong><\/p>\n<ul data-start=\"856\" data-end=\"1909\">\n<li data-start=\"856\" data-end=\"965\"><strong data-start=\"858\" data-end=\"879\">Str\u00f6mf\u00f6rs\u00f6rjning:<\/strong> <span class=\"relative -mx-px my-[-0.2rem] rounded px-px py-[0.2rem]\">18\u201330 V DC<\/span>\u200b<\/li>\n<li data-start=\"966\" data-end=\"1075\"><strong data-start=\"968\" data-end=\"989\">Str\u00f6mf\u00f6rbrukning:<\/strong> <span class=\"relative -mx-px my-[-0.2rem] rounded px-px py-[0.2rem]\">25 mA vid 24 V DC<\/span>\u200b<\/li>\n<li data-start=\"1076\" data-end=\"1185\"><strong data-start=\"1078\" data-end=\"1099\">Temperaturomr\u00e5de:<\/strong> <span class=\"relative -mx-px my-[-0.2rem] rounded px-px py-[0.2rem]\">-20 \u00b0C till +70 \u00b0C<\/span>\u200b<\/li>\n<li data-start=\"1186\" data-end=\"1292\"><strong data-start=\"1188\" data-end=\"1206\">Blixtfrekvens:<\/strong> <span class=\"relative -mx-px my-[-0.2rem] rounded px-px py-[0.2rem]\">1 Hz (kan justeras till 0,5 Hz via DIL-brytare)<\/span>\u200b<\/li>\n<li data-start=\"1293\" data-end=\"1397\"><strong data-start=\"1295\" data-end=\"1311\">\u00d6vervakning:<\/strong> <span class=\"relative -mx-px my-[-0.2rem] rounded px-px py-[0.2rem]\">Omv\u00e4nd polaritetsskydd<\/span>\u200b<\/li>\n<li data-start=\"1398\" data-end=\"1508\"><strong data-start=\"1400\" data-end=\"1422\">IP-klassificering:<\/strong> <span class=\"relative -mx-px my-[-0.2rem] rounded px-px py-[0.2rem]\">IP21C f\u00f6r l\u00e5g sockelversion<\/span>\u200b<\/li>\n<li data-start=\"1509\" data-end=\"1606\"><strong data-start=\"1511\" data-end=\"1520\">F\u00e4rg:<\/strong> <span class=\"relative -mx-px my-[-0.2rem] rounded px-px py-[0.2rem]\">R\u00f6d<\/span>\u200b<\/li>\n<li data-start=\"1607\" data-end=\"1708\"><strong data-start=\"1609\" data-end=\"1622\">Kapsling:<\/strong> <span class=\"relative -mx-px my-[-0.2rem] rounded px-px py-[0.2rem]\">ABS brandh\u00e4mmande plast<\/span>\u200b<\/li>\n<li data-start=\"1709\" data-end=\"1811\"><strong data-start=\"1711\" data-end=\"1725\">Montering:<\/strong> <span class=\"relative -mx-px my-[-0.2rem] rounded px-px py-[0.2rem]\">V\u00e4ggmontering<\/span>\u200b<\/li>\n<li data-start=\"1812\" data-end=\"1909\"><strong data-start=\"1814\" data-end=\"1823\">Vikt:<\/strong> <span class=\"relative -mx-px my-[-0.2rem] rounded px-px py-[0.2rem]\">0,22 kg<\/span>\u200b<\/li>\n<\/ul>\n<p data-start=\"1911\" data-end=\"1934\"><strong data-start=\"1911\" data-end=\"1934\">Modellbeteckningar:<\/strong><\/p>\n<ul data-start=\"1936\" data-end=\"2415\">\n<li data-start=\"1936\" data-end=\"2031\"><strong data-start=\"1938\" data-end=\"1945\">SB:<\/strong> <span class=\"relative -mx-px my-[-0.2rem] rounded px-px py-[0.2rem]\">L\u00e5g sockel<\/span>\u200b<\/li>\n<li data-start=\"2032\" data-end=\"2127\"><strong data-start=\"2034\" data-end=\"2041\">DB:<\/strong> <span class=\"relative -mx-px my-[-0.2rem] rounded px-px py-[0.2rem]\">Djup sockel<\/span>\u200b<\/li>\n<li data-start=\"2128\" data-end=\"2223\"><strong data-start=\"2130\" data-end=\"2137\">RB:<\/strong> <span class=\"relative -mx-px my-[-0.2rem] rounded px-px py-[0.2rem]\">R\u00f6d kapsling<\/span>\u200b<\/li>\n<li data-start=\"2224\" data-end=\"2319\"><strong data-start=\"2226\" data-end=\"2233\">RF:<\/strong> <span class=\"relative -mx-px my-[-0.2rem] rounded px-px py-[0.2rem]\">R\u00f6d blixt<\/span>\u200b<\/li>\n<li data-start=\"2320\" data-end=\"2415\"><strong data-start=\"2322\" data-end=\"2329\">WF:<\/strong> <span class=\"relative -mx-px my-[-0.2rem] rounded px-px py-[0.2rem]\">Vit blixt<\/span><\/li>\n<\/ul>\n","protected":false},"excerpt":{"rendered":"<p><span class=\"relative -mx-px my-[-0.2rem] rounded px-px py-[0.2rem]\">BLIXT VXB-1EVAD 2.4-7 \u00e4r ett EN54-23-certifierat v\u00e4ggmonterat blixtljus med r\u00f6d l\u00e5g sockel och r\u00f6d blixt.<\/span><\/p>\n<p><span class=\"relative -mx-px my-[-0.2rem] rounded px-px py-[0.2rem]\">Det erbjuder justerbar blixtfrekvens och h\u00f6g skyddsniv\u00e5, vilket g\u00f6r det idealiskt f\u00f6r effektiv visuell signalering i olika milj\u00f6er.<\/span><\/p>\n","protected":false},"featured_media":86166,"template":"","meta":{"_acf_changed":false},"product_brand":[],"product_cat":[3802],"product_tag":[],"class_list":{"0":"post-86167","1":"product","2":"type-product","3":"status-publish","4":"has-post-thumbnail","6":"product_cat-kombisiren-blixt-brand","7":"tm-no-options","9":"first","10":"instock","11":"sale","12":"taxable","13":"shipping-taxable","14":"product-type-simple"},"acf":[],"_links":{"self":[{"href":"https:\/\/stonehouse.se\/en\/wp-json\/wp\/v2\/product\/86167","targetHints":{"allow":["GET"]}}],"collection":[{"href":"https:\/\/stonehouse.se\/en\/wp-json\/wp\/v2\/product"}],"about":[{"href":"https:\/\/stonehouse.se\/en\/wp-json\/wp\/v2\/types\/product"}],"wp:featuredmedia":[{"embeddable":true,"href":"https:\/\/stonehouse.se\/en\/wp-json\/wp\/v2\/media\/86166"}],"wp:attachment":[{"href":"https:\/\/stonehouse.se\/en\/wp-json\/wp\/v2\/media?parent=86167"}],"wp:term":[{"taxonomy":"product_brand","embeddable":true,"href":"https:\/\/stonehouse.se\/en\/wp-json\/wp\/v2\/product_brand?post=86167"},{"taxonomy":"product_cat","embeddable":true,"href":"https:\/\/stonehouse.se\/en\/wp-json\/wp\/v2\/product_cat?post=86167"},{"taxonomy":"product_tag","embeddable":true,"href":"https:\/\/stonehouse.se\/en\/wp-json\/wp\/v2\/product_tag?post=86167"}],"curies":[{"name":"wp","href":"https:\/\/api.w.org\/{rel}","templated":true}]}}