
{"id":86173,"date":"2025-01-22T17:22:41","date_gmt":"2025-01-22T16:22:41","guid":{"rendered":"https:\/\/stonehouse.se\/produkt\/cranford-controls-511-099l-vtb-sounder-beacon-grunt-bas-rod-kropp-gul-lins\/"},"modified":"2026-04-09T11:32:33","modified_gmt":"2026-04-09T09:32:33","slug":"cranford-controls-511-099l-vtb-sounder-beacon-grunt-bas-rod-kropp-gul-lins","status":"publish","type":"product","link":"https:\/\/stonehouse.se\/en\/product\/cranford-controls-511-099l-vtb-sounder-beacon-grunt-bas-rod-kropp-gul-lins\/","title":{"rendered":"Cranford Controls 511-099L VTB Sounder \/ Beacon, Grunt Bas, R\u00f6d Kropp, Gul Lins"},"content":{"rendered":"<h1>Cranford Controls 511-099L VTB Sounder<\/h1>\n<div class=\"item-header rd-hyg-item-header\">Cranford Controls 511-099L VTB Sounder \/ Beacon \u00e4r designad f\u00f6r att ge b\u00e5de ljud och visuell varning i industriella och kommersiella milj\u00f6er.<\/div>\n<div><\/div>\n<div class=\"item-header rd-hyg-item-header\">Den har 32 toner, inklusive en valbar \u00f6verstyrd ton, vilket g\u00f6r att den kan anpassas till olika behov.<\/div>\n<div><\/div>\n<div class=\"item-header rd-hyg-item-header\">Produkten finns i tv\u00e5 versioner, en med grund bas (IP43) och en med djup bas (IP65), vilket g\u00f6r den l\u00e4mplig f\u00f6r b\u00e5de inomhus- och utomhusbruk.<\/div>\n<div><\/div>\n<div class=\"item-header rd-hyg-item-header\">Den omkopplingsbara funktionen g\u00f6r det m\u00f6jligt att anv\u00e4nda den enbart som ett fyrljus vid behov.<\/div>\n<div><\/div>\n<div class=\"item-header rd-hyg-item-header\">Det unika bajonettmonteringssystemet g\u00f6r installationen snabb och enkel, och den avtagbara locket p\u00e5 den djupa basen g\u00f6r det m\u00f6jligt att dra kablar utanf\u00f6r enheten.<\/div>\n<div><\/div>\n<div class=\"item-header rd-hyg-item-header\">F\u00f6r ytterligare s\u00e4kerhet, erbjuder basl\u00e5sningssystemet standard, vilket ger en s\u00e4ker och stabil installation.<\/div>","protected":false},"excerpt":{"rendered":"<p>Cranford Controls 511-099L VTB Sounder \/ Beacon erbjuder en p\u00e5litlig och effektiv l\u00f6sning f\u00f6r ljud- och ljusvarning i olika milj\u00f6er.<\/p>\n<p>Med 32 toner och en valbar \u00f6verstyrd ton, finns versioner med b\u00e5de grund bas (IP43) och djup bas (IP65) f\u00f6r flexibel installation.<\/p>\n<p>Det unika bajonettmonteringssystemet m\u00f6jligg\u00f6r enkel installation, och den avtagbara locket p\u00e5 den djupa basen st\u00f6djer utanp\u00e5liggande kabeldragning.<\/p>","protected":false},"featured_media":86172,"template":"","meta":{"_acf_changed":false},"product_brand":[],"product_cat":[3802],"product_tag":[],"class_list":{"0":"post-86173","1":"product","2":"type-product","3":"status-publish","4":"has-post-thumbnail","6":"product_cat-kombisiren-blixt-brand","7":"product_shipping_class-tunga-paket","8":"tm-no-options","10":"first","11":"onbackorder","12":"sale","13":"taxable","14":"shipping-taxable","15":"product-type-simple"},"acf":[],"_links":{"self":[{"href":"https:\/\/stonehouse.se\/en\/wp-json\/wp\/v2\/product\/86173","targetHints":{"allow":["GET"]}}],"collection":[{"href":"https:\/\/stonehouse.se\/en\/wp-json\/wp\/v2\/product"}],"about":[{"href":"https:\/\/stonehouse.se\/en\/wp-json\/wp\/v2\/types\/product"}],"wp:featuredmedia":[{"embeddable":true,"href":"https:\/\/stonehouse.se\/en\/wp-json\/wp\/v2\/media\/86172"}],"wp:attachment":[{"href":"https:\/\/stonehouse.se\/en\/wp-json\/wp\/v2\/media?parent=86173"}],"wp:term":[{"taxonomy":"product_brand","embeddable":true,"href":"https:\/\/stonehouse.se\/en\/wp-json\/wp\/v2\/product_brand?post=86173"},{"taxonomy":"product_cat","embeddable":true,"href":"https:\/\/stonehouse.se\/en\/wp-json\/wp\/v2\/product_cat?post=86173"},{"taxonomy":"product_tag","embeddable":true,"href":"https:\/\/stonehouse.se\/en\/wp-json\/wp\/v2\/product_tag?post=86173"}],"curies":[{"name":"wp","href":"https:\/\/api.w.org\/{rel}","templated":true}]}}