
{"id":86486,"date":"2025-01-29T09:09:26","date_gmt":"2025-01-29T08:09:26","guid":{"rendered":"https:\/\/stonehouse.se\/produkt\/plastkort-076mm-cr80-blanka-100-pack\/"},"modified":"2026-04-09T11:13:00","modified_gmt":"2026-04-09T09:13:00","slug":"plastkort-076mm-cr80-blanka-100-pack","status":"publish","type":"product","link":"https:\/\/stonehouse.se\/en\/product\/plastkort-076mm-cr80-blanka-100-pack\/","title":{"rendered":"Plastkort 0,76mm CR80 Blanka (100 pack)"},"content":{"rendered":"<p>Vita plastkort i premium kvalitet, perfekta mediet f\u00f6r enast\u00e5ende personliga ID-kortsutskrifter. Det h\u00f6gkvalitativa PVC-materialet garanterar att dina kunder eller medarbetare f\u00e5r levande och snygga utskrifter. De har samma storlek som vanliga kreditkort och en tjocklek p\u00e5 760 mikron.<\/p>\n<ul>\n<li>S\u00e4ljes i f\u00f6rpackningar om 100 st<\/li>\n<li>Standard CR80-kortstorlek (85,60 x 53,98 mm)<\/li>\n<li>760 mikron\/30 mils<\/li>\n<li>L\u00e4mplig f\u00f6r anv\u00e4ndning med alla plastkortskrivare<\/li>\n<li>Krymplindad och dammfri<\/li>\n<\/ul>\n<p>Produktvikt:<br \/>\n0,50 kg<\/p>","protected":false},"excerpt":{"rendered":"<p>Vita plastkort i premium kvalitet, perfekta mediet f\u00f6r enast\u00e5ende personliga ID-kortsutskrifter. Det h\u00f6gkvalitativa PVC-materialet garanterar att dina kunder eller medarbetare<\/p>","protected":false},"featured_media":86479,"template":"","meta":{"_acf_changed":false},"product_brand":[],"product_cat":[3700,3430,547],"product_tag":[],"class_list":{"0":"post-86486","1":"product","2":"type-product","3":"status-publish","4":"has-post-thumbnail","6":"product_cat-nya-produkter","7":"product_cat-plastkort-utan-chip","8":"product_cat-gor-dina-egna-foretagskort","9":"tm-no-options","11":"first","12":"instock","13":"sale","14":"taxable","15":"shipping-taxable","16":"product-type-simple"},"acf":[],"_links":{"self":[{"href":"https:\/\/stonehouse.se\/en\/wp-json\/wp\/v2\/product\/86486","targetHints":{"allow":["GET"]}}],"collection":[{"href":"https:\/\/stonehouse.se\/en\/wp-json\/wp\/v2\/product"}],"about":[{"href":"https:\/\/stonehouse.se\/en\/wp-json\/wp\/v2\/types\/product"}],"wp:featuredmedia":[{"embeddable":true,"href":"https:\/\/stonehouse.se\/en\/wp-json\/wp\/v2\/media\/86479"}],"wp:attachment":[{"href":"https:\/\/stonehouse.se\/en\/wp-json\/wp\/v2\/media?parent=86486"}],"wp:term":[{"taxonomy":"product_brand","embeddable":true,"href":"https:\/\/stonehouse.se\/en\/wp-json\/wp\/v2\/product_brand?post=86486"},{"taxonomy":"product_cat","embeddable":true,"href":"https:\/\/stonehouse.se\/en\/wp-json\/wp\/v2\/product_cat?post=86486"},{"taxonomy":"product_tag","embeddable":true,"href":"https:\/\/stonehouse.se\/en\/wp-json\/wp\/v2\/product_tag?post=86486"}],"curies":[{"name":"wp","href":"https:\/\/api.w.org\/{rel}","templated":true}]}}