
{"id":88688,"date":"2025-02-17T12:32:05","date_gmt":"2025-02-17T11:32:05","guid":{"rendered":"https:\/\/stonehouse.se\/?post_type=product&#038;p=88688"},"modified":"2026-03-10T11:54:24","modified_gmt":"2026-03-10T10:54:24","slug":"sim-kort-stonehouse-iot-100mb-manad-12-manader","status":"publish","type":"product","link":"https:\/\/stonehouse.se\/en\/product\/sim-kort-stonehouse-iot-100mb-manad-12-manader\/","title":{"rendered":"SIM-kort Stonehouse IoT 100MB\/m\u00e5nad 12 m\u00e5nader"},"content":{"rendered":"<h1>SIM-kort till Larm &#8211; 100MB\/m\u00e5nad &#8211; 12 m\u00e5nader<\/h1>\n<h3><strong>IoT SIM-kort f\u00f6r larm &#8211; 12 m\u00e5nader<\/strong><\/h3>\n<p>S\u00e4kra ditt larmsystem med ett IoT-SIM som \u00e4r s\u00e4rskilt framtaget f\u00f6r s\u00e4kerhetskritisk kommunikation.<\/p>\n<p>Detta SIM-kort \u00e4r optimerat f\u00f6r larms\u00e4ndare och anv\u00e4nder Tele2s n\u00e4t som standard.<\/p>\n<p>Den prioriterade datatrafiken ger b\u00e4sta m\u00f6jliga f\u00f6ruts\u00e4ttningar till att larmsystemet har en stabil uppkoppling.<\/p>\n<p>Med ett privat APN (stonehouse.tele2.com) f\u00e5r du dessutom extra s\u00e4kerhet och en dedikerad anslutning som f\u00f6rb\u00e4ttrar drifts\u00e4kerheten.<\/p>\n<h3><strong>Perfekt f\u00f6r alla larmsystem, inklusive Ajax<\/strong><\/h3>\n<p>Oavsett om du anv\u00e4nder Ajax eller ett annat larmsystem \u00e4r detta SIM-kort en p\u00e5litlig och h\u00f6gkvalitativ l\u00f6sning.<\/p>\n<p>Det fungerar b\u00e5de som prim\u00e4r kommunikationskanal och som backup om din fasta internetanslutning skulle sluta fungera.<\/p>\n<p>Med prioriterad trafik levererar SIM-kortet enast\u00e5ende uptime och stabilitet, vilket ger en betydligt h\u00f6gre tillf\u00f6rlitlighet j\u00e4mf\u00f6rt med vanliga SIM-kort och WiFi.<\/p>\n<p>Detta \u00f6kar chanserna f\u00f6r att dina larmmeddelanden alltid n\u00e5r fram i tid.<\/p>\n<h3><strong>F\u00f6rdelar med v\u00e5rt IoT-SIM:<\/strong><\/h3>\n<ul>\n<li><strong>100 MB\/m\u00e5nad inkluderat:<\/strong> Tillr\u00e4ckligt f\u00f6r att hantera de flesta larmsystem utan \u00f6vertrassering.<\/li>\n<li><strong>Prioriterad datatrafik:<\/strong> S\u00e4kerst\u00e4ller snabb och stabil kommunikation, \u00e4ven under h\u00f6g n\u00e4tbelastning.<\/li>\n<li><strong>Privat APN:<\/strong> F\u00f6rb\u00e4ttrar s\u00e4kerhet och anslutning med APN-inst\u00e4llningen &#8220;stonehouse.tele2.com&#8221;.<\/li>\n<li><strong>Tele2 <\/strong><strong>n\u00e4t:<\/strong> Standardn\u00e4tverk f\u00f6r tillf\u00f6rlitlig t\u00e4ckning och kommunikation. M\u00f6jlighet att uppgradera f\u00f6r fler n\u00e4t vid behov, <strong>om tele2 inte har bra t\u00e4ckning hos dig s\u00e5 kan vi \u00e4ndra till n\u00e4sta leverant\u00f6r som har b\u00e4sta t\u00e4ckningen i ditt omr\u00e5de.<\/strong><\/li>\n<\/ul>\n<h3><strong>Specifikationer:<\/strong><\/h3>\n<ul>\n<li><strong>N\u00e4tverk:<\/strong> Tele2 (m\u00f6jlighet att aktivera roaming till andra n\u00e4t vid behov).<\/li>\n<li><strong>Datatrafik:<\/strong> 100 MB\/m\u00e5nad.<\/li>\n<li><strong>Abonnemangsl\u00e4ngd:<\/strong> 12 m\u00e5nader.<\/li>\n<li><strong>Pris:<\/strong> 460 kr (inkl. moms).<\/li>\n<\/ul>\n<h3><strong>Installation:<\/strong><\/h3>\n<p>Kom ih\u00e5g att ange APN &#8220;stonehouse.tele2.com&#8221; p\u00e5 enheten f\u00f6r att aktivera SIM-kortet. Fungerar med larm och enheter d\u00e4r det g\u00e5r att st\u00e4lla in APN.<\/p>\n<p>Observera att detta SIM-kort inte rekommenderas f\u00f6r videokameror, eftersom videostr\u00f6mning kr\u00e4ver stora datavolymer. F\u00f6r kamera och videol\u00f6sningar rekommenderar vi ist\u00e4llet v\u00e5rt specialanpassade SIM-kort f\u00f6r <a href=\"#\">videoabonnemang<\/a>.<\/p>\n<p>Med detta SIM-kort f\u00e5r du en komplett och s\u00e4ker l\u00f6sning f\u00f6r att h\u00e5lla ditt larmsystem eller andra enheter uppkopplat och redo \u2013 oavsett situation.<\/p>","protected":false},"excerpt":{"rendered":"<p>Stonehouse Security IoT-SIM \u00e4r optimerat f\u00f6r larm och larms\u00e4ndare. 100 MB datatrafik per m\u00e5nad, prioriterad uppkoppling via Tele2s n\u00e4t och privat APN (stonehouse.tele2.com).<\/p>\n<p>Detta ger dig extra s\u00e4kerhet j\u00e4mf\u00f6rt med SIM som anv\u00e4nder standard r\u00f6st\/datakommunikation.<\/p>\n<p>F\u00f6r dig som har specifika krav p\u00e5 datam\u00e4ngder, funktioner eller pris\u00e4ttningar var v\u00e4nlig kontakta oss!<\/p>","protected":false},"featured_media":89001,"template":"","meta":{"_acf_changed":false},"product_brand":[],"product_cat":[472,3392,2700,2718,2787,2796,3605,3484,3483,3485],"product_tag":[],"class_list":{"0":"post-88688","1":"product","2":"type-product","3":"status-publish","4":"has-post-thumbnail","6":"product_cat-larmoverforing","7":"product_cat-ajax-larmpaket","8":"product_cat-centralenheter-ajax-tradlosa-larm","9":"product_cat-centralenheter-risco-larm","10":"product_cat-dsc-neo-centralkit","11":"product_cat-larmpaket","12":"product_cat-larmsandare-ip-4g","13":"product_cat-spc-larmoverforing","14":"product_cat-spc-manoverpanel-lasare","15":"product_cat-spc-paket-start","16":"pa_brands-stonehouse-smart","17":"tm-no-options","19":"first","20":"instock","21":"sale","22":"taxable","23":"shipping-taxable","24":"product-type-simple"},"acf":[],"_links":{"self":[{"href":"https:\/\/stonehouse.se\/en\/wp-json\/wp\/v2\/product\/88688","targetHints":{"allow":["GET"]}}],"collection":[{"href":"https:\/\/stonehouse.se\/en\/wp-json\/wp\/v2\/product"}],"about":[{"href":"https:\/\/stonehouse.se\/en\/wp-json\/wp\/v2\/types\/product"}],"wp:featuredmedia":[{"embeddable":true,"href":"https:\/\/stonehouse.se\/en\/wp-json\/wp\/v2\/media\/89001"}],"wp:attachment":[{"href":"https:\/\/stonehouse.se\/en\/wp-json\/wp\/v2\/media?parent=88688"}],"wp:term":[{"taxonomy":"product_brand","embeddable":true,"href":"https:\/\/stonehouse.se\/en\/wp-json\/wp\/v2\/product_brand?post=88688"},{"taxonomy":"product_cat","embeddable":true,"href":"https:\/\/stonehouse.se\/en\/wp-json\/wp\/v2\/product_cat?post=88688"},{"taxonomy":"product_tag","embeddable":true,"href":"https:\/\/stonehouse.se\/en\/wp-json\/wp\/v2\/product_tag?post=88688"}],"curies":[{"name":"wp","href":"https:\/\/api.w.org\/{rel}","templated":true}]}}